{"id":990638,"date":"2024-11-13T18:46:26","date_gmt":"2024-11-13T18:46:26","guid":{"rendered":"https:\/\/louloubabygifts.com\/?post_type=product&#038;p=990638"},"modified":"2025-02-07T08:18:54","modified_gmt":"2025-02-07T08:18:54","slug":"magic-tulle-star-pelerin-lila","status":"publish","type":"product","link":"https:\/\/louloubabygifts.com\/index.php\/product\/magic-tulle-star-pelerin-lila\/","title":{"rendered":"Magic Tulle Star Pelerin -Lila"},"content":{"rendered":"","protected":false},"excerpt":{"rendered":"<p>Do\u011fum g\u00fcnleri ve \u00f6zel g\u00fcnlerin en \u00e7ok tercih edilen par\u00e7as\u0131 olmaya aday! Yumu\u015fak t\u00fclden haz\u0131rlanan bu b\u00fcy\u00fcl\u00fc pelerin,tatl\u0131 bir lila ve silver detaylar\u0131yla herkesin g\u00f6z\u00fcn\u00fc kama\u015ft\u0131racak. Ona kutup y\u0131ld\u0131z\u0131 desenli t\u00fcl ve yumu\u015fak dokulu saten kuma\u015f e\u015flik ediyor.<\/p>\n","protected":false},"featured_media":990623,"comment_status":"open","ping_status":"closed","template":"","meta":[],"product_brand":[],"product_cat":[57,410],"product_tag":[],"class_list":{"0":"post-990638","1":"product","2":"type-product","3":"status-publish","4":"has-post-thumbnail","6":"product_cat-kiz-cocuk","7":"product_cat-parti-koleksiyonu","9":"first","10":"instock","11":"taxable","12":"shipping-taxable","13":"purchasable","14":"product-type-variable"},"aioseo_notices":[],"jetpack_sharing_enabled":true,"_links":{"self":[{"href":"https:\/\/louloubabygifts.com\/index.php\/wp-json\/wp\/v2\/product\/990638","targetHints":{"allow":["GET"]}}],"collection":[{"href":"https:\/\/louloubabygifts.com\/index.php\/wp-json\/wp\/v2\/product"}],"about":[{"href":"https:\/\/louloubabygifts.com\/index.php\/wp-json\/wp\/v2\/types\/product"}],"replies":[{"embeddable":true,"href":"https:\/\/louloubabygifts.com\/index.php\/wp-json\/wp\/v2\/comments?post=990638"}],"version-history":[{"count":1,"href":"https:\/\/louloubabygifts.com\/index.php\/wp-json\/wp\/v2\/product\/990638\/revisions"}],"predecessor-version":[{"id":990644,"href":"https:\/\/louloubabygifts.com\/index.php\/wp-json\/wp\/v2\/product\/990638\/revisions\/990644"}],"wp:featuredmedia":[{"embeddable":true,"href":"https:\/\/louloubabygifts.com\/index.php\/wp-json\/wp\/v2\/media\/990623"}],"wp:attachment":[{"href":"https:\/\/louloubabygifts.com\/index.php\/wp-json\/wp\/v2\/media?parent=990638"}],"wp:term":[{"taxonomy":"product_brand","embeddable":true,"href":"https:\/\/louloubabygifts.com\/index.php\/wp-json\/wp\/v2\/product_brand?post=990638"},{"taxonomy":"product_cat","embeddable":true,"href":"https:\/\/louloubabygifts.com\/index.php\/wp-json\/wp\/v2\/product_cat?post=990638"},{"taxonomy":"product_tag","embeddable":true,"href":"https:\/\/louloubabygifts.com\/index.php\/wp-json\/wp\/v2\/product_tag?post=990638"}],"curies":[{"name":"wp","href":"https:\/\/api.w.org\/{rel}","templated":true}]}}