{"id":990502,"date":"2024-03-04T16:44:25","date_gmt":"2024-03-04T16:44:25","guid":{"rendered":"https:\/\/louloubabygifts.com\/?post_type=product&#038;p=990502"},"modified":"2024-11-17T13:23:58","modified_gmt":"2024-11-17T13:23:58","slug":"raya-rose-nakisli-body","status":"publish","type":"product","link":"https:\/\/louloubabygifts.com\/index.php\/product\/raya-rose-nakisli-body\/","title":{"rendered":"Raya Rose Nak\u0131\u015fl\u0131 Body"},"content":{"rendered":"<div class=\"vgblk-rw-wrapper limit-wrapper\">%100 pamuk i\u00e7eri\u011fi ile yakada bulunan el nak\u0131\u015f\u0131 ile ho\u015f bir detay yakalanan \u00e7\u0131t\u00e7\u0131tl\u0131 body&#8217;imiz hem \u015fortlar ile hem de renkli etekler ile kombin yap\u0131larak g\u00fcnl\u00fck hayatta \u00e7ok kullan\u0131\u015fl\u0131 bir sonu\u00e7 getiriyor bizlere.Bebe\u011finizin cildine uyumlu, yaz aylar\u0131 i\u00e7in hem nefes alabilir yap\u0131s\u0131yla hem de rahat kal\u0131plar\u0131yla her zaman yan\u0131n\u0131zda bulundurmak isteyebilece\u011finiz bir se\u00e7enek!Bahar\u0131n ve\u00a0 yaz\u0131n geli\u015fiyle birlikte do\u011fan\u0131n harika yan\u0131n\u0131 hat\u0131rlatan renkler ve k\u00fc\u00e7\u00fck detaylar, koleksiyonu ke\u015ffetmeniz i\u00e7in sizleri bekliyor.<\/div>\n<p><!-- .vgblk-rw-wrapper --><\/p>\n","protected":false},"excerpt":{"rendered":"<p>%100 pamuk i\u00e7eri\u011fi ile yakada bulunan el nak\u0131\u015f\u0131 ile ho\u015f bir detay yakalanan \u00e7\u0131t\u00e7\u0131tl\u0131 body&#8217;imiz hem \u015fortlar ile hem de renkli etekler ile kombin yap\u0131larak g\u00fcnl\u00fck hayatta \u00e7ok kullan\u0131\u015fl\u0131 bir sonu\u00e7 getiriyor bizlere.Bebe\u011finizin cildine uyumlu, yaz aylar\u0131 i\u00e7in hem nefes alabilir yap\u0131s\u0131yla hem de rahat kal\u0131plar\u0131yla her zaman yan\u0131n\u0131zda bulundurmak isteyebilece\u011finiz bir se\u00e7enek!Bahar\u0131n ve\u00a0 yaz\u0131n geli\u015fiyle birlikte do\u011fan\u0131n harika yan\u0131n\u0131 hat\u0131rlatan renkler ve k\u00fc\u00e7\u00fck detaylar, koleksiyonu ke\u015ffetmeniz i\u00e7in sizleri bekliyor<\/p>\n","protected":false},"featured_media":990510,"comment_status":"open","ping_status":"closed","template":"","meta":[],"product_brand":[],"product_cat":[224,382,384,387,65,138],"product_tag":[],"class_list":{"0":"post-990502","1":"product","2":"type-product","3":"status-publish","4":"has-post-thumbnail","6":"product_cat-18-24-ay","7":"product_cat-24-36-ay","8":"product_cat-3-6-ay","9":"product_cat-9-12-ay","10":"product_cat-bebekler","11":"product_cat-body-zibin","13":"first","14":"instock","15":"taxable","16":"shipping-taxable","17":"purchasable","18":"product-type-simple"},"aioseo_notices":[],"jetpack_sharing_enabled":true,"_links":{"self":[{"href":"https:\/\/louloubabygifts.com\/index.php\/wp-json\/wp\/v2\/product\/990502","targetHints":{"allow":["GET"]}}],"collection":[{"href":"https:\/\/louloubabygifts.com\/index.php\/wp-json\/wp\/v2\/product"}],"about":[{"href":"https:\/\/louloubabygifts.com\/index.php\/wp-json\/wp\/v2\/types\/product"}],"replies":[{"embeddable":true,"href":"https:\/\/louloubabygifts.com\/index.php\/wp-json\/wp\/v2\/comments?post=990502"}],"version-history":[{"count":1,"href":"https:\/\/louloubabygifts.com\/index.php\/wp-json\/wp\/v2\/product\/990502\/revisions"}],"predecessor-version":[{"id":990516,"href":"https:\/\/louloubabygifts.com\/index.php\/wp-json\/wp\/v2\/product\/990502\/revisions\/990516"}],"wp:featuredmedia":[{"embeddable":true,"href":"https:\/\/louloubabygifts.com\/index.php\/wp-json\/wp\/v2\/media\/990510"}],"wp:attachment":[{"href":"https:\/\/louloubabygifts.com\/index.php\/wp-json\/wp\/v2\/media?parent=990502"}],"wp:term":[{"taxonomy":"product_brand","embeddable":true,"href":"https:\/\/louloubabygifts.com\/index.php\/wp-json\/wp\/v2\/product_brand?post=990502"},{"taxonomy":"product_cat","embeddable":true,"href":"https:\/\/louloubabygifts.com\/index.php\/wp-json\/wp\/v2\/product_cat?post=990502"},{"taxonomy":"product_tag","embeddable":true,"href":"https:\/\/louloubabygifts.com\/index.php\/wp-json\/wp\/v2\/product_tag?post=990502"}],"curies":[{"name":"wp","href":"https:\/\/api.w.org\/{rel}","templated":true}]}}