{"id":990418,"date":"2024-01-15T12:01:24","date_gmt":"2024-01-15T12:01:24","guid":{"rendered":"https:\/\/louloubabygifts.com\/?post_type=product&#038;p=990418"},"modified":"2025-02-24T12:19:37","modified_gmt":"2025-02-24T12:19:37","slug":"pembe-ayakkabi","status":"publish","type":"product","link":"https:\/\/louloubabygifts.com\/index.php\/product\/pembe-ayakkabi\/","title":{"rendered":"Pembe Ayakkab\u0131"},"content":{"rendered":"\t\t<div data-elementor-type=\"product-post\" data-elementor-id=\"990418\" class=\"elementor elementor-990418\" data-elementor-post-type=\"product\">\n\t\t\t\t\t\t<section class=\"elementor-section elementor-top-section elementor-element elementor-element-339ddaf elementor-section-boxed elementor-section-height-default elementor-section-height-default\" data-id=\"339ddaf\" data-element_type=\"section\" data-e-type=\"section\">\n\t\t\t\t\t\t<div class=\"elementor-container elementor-column-gap-default\">\n\t\t\t\t\t<div class=\"elementor-column elementor-col-100 elementor-top-column elementor-element elementor-element-a24308b\" data-id=\"a24308b\" data-element_type=\"column\" data-e-type=\"column\">\n\t\t\t<div class=\"elementor-widget-wrap elementor-element-populated\">\n\t\t\t\t\t\t<div class=\"elementor-element elementor-element-e2a2778 elementor-widget elementor-widget-text-editor\" data-id=\"e2a2778\" data-element_type=\"widget\" data-e-type=\"widget\" data-widget_type=\"text-editor.default\">\n\t\t\t\t<div class=\"elementor-widget-container\">\n\t\t\t\t\t\t\t\t\t<p>LouLou Baby ilk ad\u0131m ayakkab\u0131lar\u0131n\u0131n her biri \u00f6zel el i\u015f\u00e7ili\u011fi ile \u00fcretilmektedir. T\u00fcm \u00fcr\u00fcnlerimizde\u00a0%100 do\u011fal dana derisi kullan\u0131lmaktad\u0131r. Nefes alma \u00f6zelli\u011fine sahip olan do\u011fal deri, ayaklardaki terlemeyi engeller. Kaymaz yumu\u015fak tabanlar sayesinde ayakta yok hissi ile \u00e7\u0131plak ayak gibi bebe\u011finize hissettirecektir.<\/p><p>-Bu sayede yaz\u0131n serin, k\u0131\u015f\u0131n s\u0131cak tutma \u00f6zelli\u011fi ile d\u00f6rt mevsim kullan\u0131labilmektedir. LouLou Baby ilk ad\u0131m ayakkab\u0131lar\u0131 standart ayakkab\u0131 kal\u0131plar\u0131ndan farkl\u0131 olarak sa\u011fl\u0131kl\u0131 ve do\u011fal ayak geli\u015fimi d\u00fc\u015f\u00fcn\u00fclerek tasarlanm\u0131\u015f geni\u015f tabanlara sahiptir.<\/p><p>-Sahip oldu\u011fu bu geni\u015f tabanlar sayesinde ayak diki\u015flere temas etmez ve ayak hissini kaybetmeden geli\u015fimini s\u00fcrd\u00fcr\u00fcr.<\/p><p>-Suni taban destekleri ve dolgu malzemeleri kullan\u0131lmamaktad\u0131r. Aya\u011f\u0131n do\u011fal s\u00fcrecinde geli\u015fmesine imk\u00e2n sa\u011flar. Do\u011fal deri tabanlar\u0131m\u0131z, kaymay\u0131 engelledi\u011fi i\u00e7in yere \u00e7ok daha sa\u011flam ad\u0131mlarla basmas\u0131na yard\u0131mc\u0131 olur. Yumu\u015fak ve esnek do\u011fal deri zamanla ayakla %100 uyumlu bir form almaktad\u0131r. Minik ad\u0131mlar i\u00e7in yap\u0131m a\u015famas\u0131 tamamlanan her patik, \u00f6zenle kontrolden ge\u00e7irildikten sonra paketlenmektedir. \u00dcr\u00fcnlerimizde kulland\u0131\u011f\u0131m\u0131z do\u011fal deri zararl\u0131 kimyasallar i\u00e7ermemektedir.<\/p>\t\t\t\t\t\t\t\t<\/div>\n\t\t\t\t<\/div>\n\t\t\t\t\t<\/div>\n\t\t<\/div>\n\t\t\t\t\t<\/div>\n\t\t<\/section>\n\t\t\t\t<\/div>\n\t\t","protected":false},"excerpt":{"rendered":"<div class=\"product-blocks blocks-top\">\n<div class=\"product-blocks-top product-blocks-233 grid-rows\">\n<div class=\"grid-row grid-row-233-1\">\n<div class=\"grid-cols\">\n<div class=\"grid-col grid-col-233-1-1\">\n<div class=\"grid-items\">\n<div class=\"grid-item grid-item-233-1-1-1\">\n<div class=\"module module-blocks module-blocks-48 blocks-tabs\">\n<div class=\"module-body\">\n<div class=\"tabs-container\">\n<div class=\"tab-content\">\n<div id=\"blocks-65096f3a3978d-tab-1\" class=\"module-item module-item-1 tab-pane active\">\n<div class=\"block-body expand-block\">\n<div class=\"block-wrapper\">\n<div class=\"block-content expand-content block-description block-expanded\">\n<p style=\"background: white; margin: 0cm 0cm 7.5pt 0cm;\">Hakiki S\u00fcet, taban Hakiki S\u00fcet, ba\u011fc\u0131kl\u0131, arkas\u0131nda bulunan k\u00f6r\u00fck sayesinde kolay \u00e7ekilip giyilebilen. Ayakkab\u0131lar\u0131m\u0131z 3-6 ay, 6-9 ay, 9-12 ay,12-16 ay,16-20 ay olarak mevcuttur.<\/p>\n<\/div>\n<\/div>\n<\/div>\n<\/div>\n<\/div>\n<\/div>\n<\/div>\n<\/div>\n<\/div>\n<\/div>\n<\/div>\n<\/div>\n<\/div>\n<\/div>\n<\/div>\n","protected":false},"featured_media":990420,"comment_status":"closed","ping_status":"closed","template":"","meta":[],"product_brand":[],"product_cat":[46,409,65,52,57],"product_tag":[406],"class_list":{"0":"post-990418","1":"product","2":"type-product","3":"status-publish","4":"has-post-thumbnail","6":"product_cat-aksesuarlar","7":"product_cat-ayakkabi","8":"product_cat-bebekler","9":"product_cat-erkek-cocuk","10":"product_cat-kiz-cocuk","11":"product_tag-aksesuarlar","13":"first","14":"instock","15":"taxable","16":"shipping-taxable","17":"purchasable","18":"product-type-variable"},"aioseo_notices":[],"jetpack_sharing_enabled":true,"_links":{"self":[{"href":"https:\/\/louloubabygifts.com\/index.php\/wp-json\/wp\/v2\/product\/990418","targetHints":{"allow":["GET"]}}],"collection":[{"href":"https:\/\/louloubabygifts.com\/index.php\/wp-json\/wp\/v2\/product"}],"about":[{"href":"https:\/\/louloubabygifts.com\/index.php\/wp-json\/wp\/v2\/types\/product"}],"replies":[{"embeddable":true,"href":"https:\/\/louloubabygifts.com\/index.php\/wp-json\/wp\/v2\/comments?post=990418"}],"version-history":[{"count":1,"href":"https:\/\/louloubabygifts.com\/index.php\/wp-json\/wp\/v2\/product\/990418\/revisions"}],"predecessor-version":[{"id":990424,"href":"https:\/\/louloubabygifts.com\/index.php\/wp-json\/wp\/v2\/product\/990418\/revisions\/990424"}],"wp:featuredmedia":[{"embeddable":true,"href":"https:\/\/louloubabygifts.com\/index.php\/wp-json\/wp\/v2\/media\/990420"}],"wp:attachment":[{"href":"https:\/\/louloubabygifts.com\/index.php\/wp-json\/wp\/v2\/media?parent=990418"}],"wp:term":[{"taxonomy":"product_brand","embeddable":true,"href":"https:\/\/louloubabygifts.com\/index.php\/wp-json\/wp\/v2\/product_brand?post=990418"},{"taxonomy":"product_cat","embeddable":true,"href":"https:\/\/louloubabygifts.com\/index.php\/wp-json\/wp\/v2\/product_cat?post=990418"},{"taxonomy":"product_tag","embeddable":true,"href":"https:\/\/louloubabygifts.com\/index.php\/wp-json\/wp\/v2\/product_tag?post=990418"}],"curies":[{"name":"wp","href":"https:\/\/api.w.org\/{rel}","templated":true}]}}