{"id":989662,"date":"2023-10-10T22:40:47","date_gmt":"2023-10-10T22:40:47","guid":{"rendered":"http:\/\/loulou.aaicreative.com\/?post_type=product&#038;p=989662"},"modified":"2024-10-08T11:21:54","modified_gmt":"2024-10-08T11:21:54","slug":"mini-hediye-kutusu-09","status":"publish","type":"product","link":"https:\/\/louloubabygifts.com\/index.php\/product\/mini-hediye-kutusu-09\/","title":{"rendered":"Mini Hediye Kutusu-09"},"content":{"rendered":"\t\t<div data-elementor-type=\"product-post\" data-elementor-id=\"989662\" class=\"elementor elementor-989662\" data-elementor-post-type=\"product\">\n\t\t\t\t\t\t<section class=\"elementor-section elementor-top-section elementor-element elementor-element-339ddaf elementor-section-boxed elementor-section-height-default elementor-section-height-default\" data-id=\"339ddaf\" data-element_type=\"section\" data-e-type=\"section\">\n\t\t\t\t\t\t<div class=\"elementor-container elementor-column-gap-default\">\n\t\t\t\t\t<div class=\"elementor-column elementor-col-100 elementor-top-column elementor-element elementor-element-a24308b\" data-id=\"a24308b\" data-element_type=\"column\" data-e-type=\"column\">\n\t\t\t<div class=\"elementor-widget-wrap elementor-element-populated\">\n\t\t\t\t\t\t<div class=\"elementor-element elementor-element-e2a2778 elementor-widget elementor-widget-text-editor\" data-id=\"e2a2778\" data-element_type=\"widget\" data-e-type=\"widget\" data-widget_type=\"text-editor.default\">\n\t\t\t\t<div class=\"elementor-widget-container\">\n\t\t\t\t\t\t\t\t\t<div class=\"product-blocks blocks-top\"><div class=\"product-blocks-top product-blocks-233 grid-rows\"><div class=\"grid-row grid-row-233-1\"><div class=\"grid-cols\"><div class=\"grid-col grid-col-233-1-1\"><div class=\"grid-items\"><div class=\"grid-item grid-item-233-1-1-1\"><div class=\"module module-blocks module-blocks-48 blocks-tabs\"><div class=\"module-body\"><div class=\"tabs-container\"><div class=\"tab-content\"><div id=\"blocks-65096f3a3978d-tab-1\" class=\"module-item module-item-1 tab-pane active\"><div class=\"block-body expand-block\"><div class=\"block-wrapper\"><div class=\"block-content expand-content block-description block-expanded\"><p>\u00dcr\u00fcn \u00d6zellikleri :<\/p><ul><li>Kahve Tav\u015fan \u00c7\u0131ng\u0131rak<\/li><li>Mia S\u00fcet Ayakkab\u0131 Renk :Somon<\/li><\/ul><\/div><\/div><\/div><\/div><\/div><\/div><\/div><\/div><\/div><\/div><\/div><\/div><\/div><\/div><\/div>\t\t\t\t\t\t\t\t<\/div>\n\t\t\t\t<\/div>\n\t\t\t\t\t<\/div>\n\t\t<\/div>\n\t\t\t\t\t<\/div>\n\t\t<\/section>\n\t\t\t\t<\/div>\n\t\t","protected":false},"excerpt":{"rendered":"<div class=\"product-blocks blocks-top\">\n<div class=\"product-blocks-top product-blocks-233 grid-rows\">\n<div class=\"grid-row grid-row-233-1\">\n<div class=\"grid-cols\">\n<div class=\"grid-col grid-col-233-1-1\">\n<div class=\"grid-items\">\n<div class=\"grid-item grid-item-233-1-1-1\">\n<div class=\"module module-blocks module-blocks-48 blocks-tabs\">\n<div class=\"module-body\">\n<div class=\"tabs-container\">\n<div class=\"tab-content\">\n<div id=\"blocks-65096f3a3978d-tab-1\" class=\"module-item module-item-1 tab-pane active\">\n<div class=\"block-body expand-block\">\n<div class=\"block-wrapper\">\n<div class=\"block-content expand-content block-description block-expanded\">\n<p>\u00dcr\u00fcn \u00d6zellikleri :<\/p>\n<ul>\n<li>Kahve Tav\u015fan \u00c7\u0131ng\u0131rak<\/li>\n<li>Mia S\u00fcet Ayakkab\u0131 Renk :Somon<\/li>\n<\/ul>\n<\/div>\n<\/div>\n<\/div>\n<\/div>\n<\/div>\n<\/div>\n<\/div>\n<\/div>\n<\/div>\n<\/div>\n<\/div>\n<\/div>\n<\/div>\n<\/div>\n<\/div>\n","protected":false},"featured_media":989664,"comment_status":"closed","ping_status":"closed","template":"","meta":[],"product_brand":[],"product_cat":[98,365],"product_tag":[],"class_list":{"0":"post-989662","1":"product","2":"type-product","3":"status-publish","4":"has-post-thumbnail","6":"product_cat-hediye-paketleri","7":"product_cat-mini-hediye-paketleri","9":"first","10":"instock","11":"sale","12":"taxable","13":"shipping-taxable","14":"purchasable","15":"product-type-variable"},"aioseo_notices":[],"jetpack_sharing_enabled":true,"_links":{"self":[{"href":"https:\/\/louloubabygifts.com\/index.php\/wp-json\/wp\/v2\/product\/989662","targetHints":{"allow":["GET"]}}],"collection":[{"href":"https:\/\/louloubabygifts.com\/index.php\/wp-json\/wp\/v2\/product"}],"about":[{"href":"https:\/\/louloubabygifts.com\/index.php\/wp-json\/wp\/v2\/types\/product"}],"replies":[{"embeddable":true,"href":"https:\/\/louloubabygifts.com\/index.php\/wp-json\/wp\/v2\/comments?post=989662"}],"version-history":[{"count":5,"href":"https:\/\/louloubabygifts.com\/index.php\/wp-json\/wp\/v2\/product\/989662\/revisions"}],"predecessor-version":[{"id":990548,"href":"https:\/\/louloubabygifts.com\/index.php\/wp-json\/wp\/v2\/product\/989662\/revisions\/990548"}],"wp:featuredmedia":[{"embeddable":true,"href":"https:\/\/louloubabygifts.com\/index.php\/wp-json\/wp\/v2\/media\/989664"}],"wp:attachment":[{"href":"https:\/\/louloubabygifts.com\/index.php\/wp-json\/wp\/v2\/media?parent=989662"}],"wp:term":[{"taxonomy":"product_brand","embeddable":true,"href":"https:\/\/louloubabygifts.com\/index.php\/wp-json\/wp\/v2\/product_brand?post=989662"},{"taxonomy":"product_cat","embeddable":true,"href":"https:\/\/louloubabygifts.com\/index.php\/wp-json\/wp\/v2\/product_cat?post=989662"},{"taxonomy":"product_tag","embeddable":true,"href":"https:\/\/louloubabygifts.com\/index.php\/wp-json\/wp\/v2\/product_tag?post=989662"}],"curies":[{"name":"wp","href":"https:\/\/api.w.org\/{rel}","templated":true}]}}