{"id":989191,"date":"2023-10-08T22:41:08","date_gmt":"2023-10-08T22:41:08","guid":{"rendered":"http:\/\/loulou.aaicreative.com\/?post_type=product&#038;p=989191"},"modified":"2024-11-13T19:31:34","modified_gmt":"2024-11-13T19:31:34","slug":"teddy-bear-panco-havlu","status":"publish","type":"product","link":"https:\/\/louloubabygifts.com\/index.php\/product\/teddy-bear-panco-havlu\/","title":{"rendered":"Teddy Bear \u00c7ocuk Bambu Pan\u00e7o Havlu"},"content":{"rendered":"\t\t<div data-elementor-type=\"product-post\" data-elementor-id=\"989191\" class=\"elementor elementor-989191\" data-elementor-post-type=\"product\">\n\t\t\t\t\t\t<section class=\"elementor-section elementor-top-section elementor-element elementor-element-339ddaf elementor-section-boxed elementor-section-height-default elementor-section-height-default\" data-id=\"339ddaf\" data-element_type=\"section\" data-e-type=\"section\">\n\t\t\t\t\t\t<div class=\"elementor-container elementor-column-gap-default\">\n\t\t\t\t\t<div class=\"elementor-column elementor-col-100 elementor-top-column elementor-element elementor-element-a24308b\" data-id=\"a24308b\" data-element_type=\"column\" data-e-type=\"column\">\n\t\t\t<div class=\"elementor-widget-wrap elementor-element-populated\">\n\t\t\t\t\t\t<div class=\"elementor-element elementor-element-e2a2778 elementor-widget elementor-widget-text-editor\" data-id=\"e2a2778\" data-element_type=\"widget\" data-e-type=\"widget\" data-widget_type=\"text-editor.default\">\n\t\t\t\t<div class=\"elementor-widget-container\">\n\t\t\t\t\t\t\t\t\t<p class=\"western\"><span class=\"colour\"><span class=\"font\">Lou Lou Baby,bebe\u011finiz i\u00e7in \u00f6zenle olu\u015fturulmu\u015f desenler ile size vebebe\u011finize e\u015fsiz bir deneyim sa\u011flayacakt\u0131r. Hem e\u011flenceli hem kullan\u0131\u015fl\u0131 banyo havlular\u0131 yumu\u015fac\u0131k dokusuyla, \u015fapkas\u0131yla du\u015f sonras\u0131 bebe\u011finizin t\u00fcm ihtiya\u00e7lar\u0131n\u0131 kar\u015f\u0131layacakt\u0131r.<\/span><\/span><\/p><p class=\"western\"><span class=\"colour\"><span class=\"font\">%100 Bambu lifinden \u00fcretilerek s\u00fcper emici \u00f6zelli\u011fi ile makinada y\u0131kand\u0131k\u00e7a ayn\u0131 yumu\u015fakl\u0131\u011f\u0131 koruyarak uzun s\u00fcreli bir kullan\u0131m sunuyor.<\/span><\/span><\/p><p class=\"western\">Yeni y\u00fcr\u00fcmeye ba\u015flayan \u00e7ocuklar ve k\u00fc\u00e7\u00fck bebekler i\u00e7in bu kap\u00fc\u015fonlu havlular hem anne adaylar\u0131 hem de yeni do\u011fan \u00e7ocuklar i\u00e7in g\u00fczel bir hediye olacakt\u0131r.<\/p>\t\t\t\t\t\t\t\t<\/div>\n\t\t\t\t<\/div>\n\t\t\t\t\t<\/div>\n\t\t<\/div>\n\t\t\t\t\t<\/div>\n\t\t<\/section>\n\t\t\t\t<\/div>\n\t\t","protected":false},"excerpt":{"rendered":"<section class=\"elementor-section elementor-top-section elementor-element elementor-element-c1c9963 elementor-section-full_width elementor-section-height-default elementor-section-height-default\" data-id=\"c1c9963\" data-element_type=\"section\">\n<div class=\"elementor-container elementor-column-gap-default\">\n<div class=\"elementor-column elementor-col-100 elementor-top-column elementor-element elementor-element-6cb0948\" data-id=\"6cb0948\" data-element_type=\"column\">\n<div class=\"elementor-widget-wrap elementor-element-populated\">\n<div class=\"elementor-element elementor-element-d7859fe elementor-widget elementor-widget-woocommerce-product-content\" data-id=\"d7859fe\" data-element_type=\"widget\" data-widget_type=\"woocommerce-product-content.default\">\n<div class=\"elementor-widget-container\">\n<div class=\"elementor elementor-989191\" data-elementor-type=\"product-post\" data-elementor-id=\"989191\" data-elementor-post-type=\"product\">\n<section class=\"elementor-section elementor-top-section elementor-element elementor-element-339ddaf elementor-section-boxed elementor-section-height-default elementor-section-height-default\" data-id=\"339ddaf\" data-element_type=\"section\">\n<div class=\"elementor-container elementor-column-gap-default\">\n<div class=\"elementor-column elementor-col-100 elementor-top-column elementor-element elementor-element-a24308b\" data-id=\"a24308b\" data-element_type=\"column\">\n<div class=\"elementor-widget-wrap elementor-element-populated\">\n<div class=\"elementor-element elementor-element-e2a2778 elementor-widget elementor-widget-text-editor\" data-id=\"e2a2778\" data-element_type=\"widget\" data-widget_type=\"text-editor.default\">\n<div class=\"elementor-widget-container\">\n<p class=\"western\"><span class=\"colour\"><span class=\"font\">Lou Lou Baby,bebe\u011finiz i\u00e7in \u00f6zenle olu\u015fturulmu\u015f desenler ile size vebebe\u011finize e\u015fsiz bir deneyim sa\u011flayacakt\u0131r. Hem e\u011flenceli hem kullan\u0131\u015fl\u0131 banyo havlular\u0131 yumu\u015fac\u0131k dokusuyla, \u015fapkas\u0131yla du\u015f sonras\u0131 bebe\u011finizin t\u00fcm ihtiya\u00e7lar\u0131n\u0131 kar\u015f\u0131layacakt\u0131r.<\/span><\/span><\/p>\n<p class=\"western\"><span class=\"colour\"><span class=\"font\">%100 Bambu lifinden \u00fcretilerek s\u00fcper emici \u00f6zelli\u011fi ile makinada y\u0131kand\u0131k\u00e7a ayn\u0131 yumu\u015fakl\u0131\u011f\u0131 koruyarak uzun s\u00fcreli bir kullan\u0131m sunuyor.<\/span><\/span><\/p>\n<p class=\"western\">Yeni y\u00fcr\u00fcmeye ba\u015flayan \u00e7ocuklar ve k\u00fc\u00e7\u00fck bebekler i\u00e7in bu kap\u00fc\u015fonlu havlular hem anne adaylar\u0131 hem de yeni do\u011fan \u00e7ocuklar i\u00e7in g\u00fczel bir hediye olacakt\u0131r.<\/p>\n<\/div>\n<\/div>\n<\/div>\n<\/div>\n<\/div>\n<\/section>\n<\/div>\n<\/div>\n<\/div>\n<\/div>\n<\/div>\n<\/div>\n<\/section>\n<section class=\"elementor-section elementor-top-section elementor-element elementor-element-685d9519 elementor-section-boxed elementor-section-height-default elementor-section-height-default\" data-id=\"685d9519\" data-element_type=\"section\">\n<div class=\"elementor-container elementor-column-gap-no\">\n<div class=\"elementor-column elementor-col-100 elementor-top-column elementor-element elementor-element-5b88da3c\" data-id=\"5b88da3c\" data-element_type=\"column\">\n<div class=\"elementor-widget-wrap elementor-element-populated\">\n<div class=\"elementor-element elementor-element-221a919e elementor-widget elementor-widget-heading\" data-id=\"221a919e\" data-element_type=\"widget\" data-widget_type=\"heading.default\">\n<div class=\"elementor-widget-container\"><\/div>\n<\/div>\n<\/div>\n<\/div>\n<\/div>\n<\/section>\n","protected":false},"featured_media":990612,"comment_status":"closed","ping_status":"closed","template":"","meta":[],"product_brand":[],"product_cat":[217,383,46,65,52,359,57],"product_tag":[406],"class_list":{"0":"post-989191","1":"product","2":"type-product","3":"status-publish","4":"has-post-thumbnail","6":"product_cat-1-2-yas","7":"product_cat-3-4-yas","8":"product_cat-aksesuarlar","9":"product_cat-bebekler","10":"product_cat-erkek-cocuk","11":"product_cat-havlular","12":"product_cat-kiz-cocuk","13":"product_tag-aksesuarlar","15":"first","16":"instock","17":"taxable","18":"shipping-taxable","19":"purchasable","20":"product-type-variable","21":"has-default-attributes"},"aioseo_notices":[],"jetpack_sharing_enabled":true,"_links":{"self":[{"href":"https:\/\/louloubabygifts.com\/index.php\/wp-json\/wp\/v2\/product\/989191","targetHints":{"allow":["GET"]}}],"collection":[{"href":"https:\/\/louloubabygifts.com\/index.php\/wp-json\/wp\/v2\/product"}],"about":[{"href":"https:\/\/louloubabygifts.com\/index.php\/wp-json\/wp\/v2\/types\/product"}],"replies":[{"embeddable":true,"href":"https:\/\/louloubabygifts.com\/index.php\/wp-json\/wp\/v2\/comments?post=989191"}],"version-history":[{"count":4,"href":"https:\/\/louloubabygifts.com\/index.php\/wp-json\/wp\/v2\/product\/989191\/revisions"}],"predecessor-version":[{"id":990677,"href":"https:\/\/louloubabygifts.com\/index.php\/wp-json\/wp\/v2\/product\/989191\/revisions\/990677"}],"wp:featuredmedia":[{"embeddable":true,"href":"https:\/\/louloubabygifts.com\/index.php\/wp-json\/wp\/v2\/media\/990612"}],"wp:attachment":[{"href":"https:\/\/louloubabygifts.com\/index.php\/wp-json\/wp\/v2\/media?parent=989191"}],"wp:term":[{"taxonomy":"product_brand","embeddable":true,"href":"https:\/\/louloubabygifts.com\/index.php\/wp-json\/wp\/v2\/product_brand?post=989191"},{"taxonomy":"product_cat","embeddable":true,"href":"https:\/\/louloubabygifts.com\/index.php\/wp-json\/wp\/v2\/product_cat?post=989191"},{"taxonomy":"product_tag","embeddable":true,"href":"https:\/\/louloubabygifts.com\/index.php\/wp-json\/wp\/v2\/product_tag?post=989191"}],"curies":[{"name":"wp","href":"https:\/\/api.w.org\/{rel}","templated":true}]}}