{"id":989176,"date":"2023-10-08T22:34:30","date_gmt":"2023-10-08T22:34:30","guid":{"rendered":"http:\/\/loulou.aaicreative.com\/?post_type=product&#038;p=989176"},"modified":"2024-10-08T12:48:37","modified_gmt":"2024-10-08T12:48:37","slug":"teddy-bear-kundak-havlu","status":"publish","type":"product","link":"https:\/\/louloubabygifts.com\/index.php\/product\/teddy-bear-kundak-havlu\/","title":{"rendered":"Teddy Bear Kundak Havlu"},"content":{"rendered":"\t\t<div data-elementor-type=\"product-post\" data-elementor-id=\"989176\" class=\"elementor elementor-989176\" data-elementor-post-type=\"product\">\n\t\t\t\t\t\t<section class=\"elementor-section elementor-top-section elementor-element elementor-element-339ddaf elementor-section-boxed elementor-section-height-default elementor-section-height-default\" data-id=\"339ddaf\" data-element_type=\"section\" data-e-type=\"section\">\n\t\t\t\t\t\t<div class=\"elementor-container elementor-column-gap-default\">\n\t\t\t\t\t<div class=\"elementor-column elementor-col-100 elementor-top-column elementor-element elementor-element-a24308b\" data-id=\"a24308b\" data-element_type=\"column\" data-e-type=\"column\">\n\t\t\t<div class=\"elementor-widget-wrap elementor-element-populated\">\n\t\t\t\t\t\t<div class=\"elementor-element elementor-element-e2a2778 elementor-widget elementor-widget-text-editor\" data-id=\"e2a2778\" data-element_type=\"widget\" data-e-type=\"widget\" data-widget_type=\"text-editor.default\">\n\t\t\t\t<div class=\"elementor-widget-container\">\n\t\t\t\t\t\t\t\t\t<p style=\"font-weight: 400;\">Lou Lou Baby, bebe\u011finiz i\u00e7in \u00f6zenle olu\u015fturulmu\u015f desenler ile size ve bebe\u011finize e\u015fsiz bir deneyim sa\u011flayacakt\u0131r. Hem e\u011flenceli hem kullan\u0131\u015fl\u0131 banyo havlular\u0131 yumu\u015fac\u0131k dokusuyla, \u015fapkas\u0131yla du\u015f sonras\u0131 bebe\u011finizin t\u00fcm ihtiya\u00e7lar\u0131n\u0131 kar\u015f\u0131layacakt\u0131r.<\/p><p style=\"font-weight: 400;\">%100 Bambu lifinden \u00fcretilerek s\u00fcper emici \u00f6zelli\u011fi ile makinada y\u0131kand\u0131k\u00e7a ayn\u0131 yumu\u015fakl\u0131\u011f\u0131 koruyarak uzun s\u00fcreli bir kullan\u0131m sunuyor.<\/p><p style=\"font-weight: 400;\">Ayn\u0131 zamanda baby shower partileri i\u00e7in verilebilecek en g\u00fczel hediyelerden biri olamaz m\u0131?<\/p><p style=\"font-weight: 400;\">Yeni y\u00fcr\u00fcmeye ba\u015flayan \u00e7ocuklar ve k\u00fc\u00e7\u00fck bebekler i\u00e7in bu kap\u00fc\u015fonlu havlular hem anne adaylar\u0131 hem de yeni do\u011fan \u00e7ocuklar i\u00e7in g\u00fczel bir hediyedir.<\/p><p style=\"font-weight: 400;\">\u00d6l\u00e7\u00fcleri: Kundak i\u00e7in 129*97 Cm Ebat<\/p>\t\t\t\t\t\t\t\t<\/div>\n\t\t\t\t<\/div>\n\t\t\t\t\t<\/div>\n\t\t<\/div>\n\t\t\t\t\t<\/div>\n\t\t<\/section>\n\t\t\t\t<\/div>\n\t\t","protected":false},"excerpt":{"rendered":"<div class=\"product-blocks blocks-top\">\n<div class=\"product-blocks-top product-blocks-233 grid-rows\">\n<div class=\"grid-row grid-row-233-1\">\n<div class=\"grid-cols\">\n<div class=\"grid-col grid-col-233-1-1\">\n<div class=\"grid-items\">\n<div class=\"grid-item grid-item-233-1-1-1\">\n<div class=\"module module-blocks module-blocks-48 blocks-tabs\">\n<div class=\"module-body\">\n<div class=\"tabs-container\">\n<div class=\"tab-content\">\n<div id=\"blocks-65096f3a3978d-tab-1\" class=\"module-item module-item-1 tab-pane active\">\n<div class=\"block-body expand-block\">\n<div class=\"block-wrapper\">\n<div class=\"block-content expand-content block-description block-expanded\">\n<p style=\"font-weight: 400;\">Lou Lou Baby, bebe\u011finiz i\u00e7in \u00f6zenle olu\u015fturulmu\u015f desenler ile size ve bebe\u011finize e\u015fsiz bir deneyim sa\u011flayacakt\u0131r. Hem e\u011flenceli hem kullan\u0131\u015fl\u0131 banyo havlular\u0131 yumu\u015fac\u0131k dokusuyla, \u015fapkas\u0131yla du\u015f sonras\u0131 bebe\u011finizin t\u00fcm ihtiya\u00e7lar\u0131n\u0131 kar\u015f\u0131layacakt\u0131r.<\/p>\n<p style=\"font-weight: 400;\">%100 Bambu lifinden \u00fcretilerek s\u00fcper emici \u00f6zelli\u011fi ile makinada y\u0131kand\u0131k\u00e7a ayn\u0131 yumu\u015fakl\u0131\u011f\u0131 koruyarak uzun s\u00fcreli bir kullan\u0131m sunuyor.<\/p>\n<p style=\"font-weight: 400;\">Ayn\u0131 zamanda baby shower partileri i\u00e7in verilebilecek en g\u00fczel hediyelerden biri olamaz m\u0131?<\/p>\n<p style=\"font-weight: 400;\">Yeni y\u00fcr\u00fcmeye ba\u015flayan \u00e7ocuklar ve k\u00fc\u00e7\u00fck bebekler i\u00e7in bu kap\u00fc\u015fonlu havlular hem anne adaylar\u0131 hem de yeni do\u011fan \u00e7ocuklar i\u00e7in g\u00fczel bir hediyedir.<\/p>\n<p style=\"font-weight: 400;\">\u00d6l\u00e7\u00fcleri: Kundak i\u00e7in 129*97 Cm Ebat<\/p>\n<\/div>\n<\/div>\n<\/div>\n<\/div>\n<\/div>\n<\/div>\n<\/div>\n<\/div>\n<\/div>\n<\/div>\n<\/div>\n<\/div>\n<\/div>\n<\/div>\n<\/div>\n","protected":false},"featured_media":989180,"comment_status":"closed","ping_status":"closed","template":"","meta":[],"product_brand":[],"product_cat":[46,65,52,359,57],"product_tag":[406],"class_list":{"0":"post-989176","1":"product","2":"type-product","3":"status-publish","4":"has-post-thumbnail","6":"product_cat-aksesuarlar","7":"product_cat-bebekler","8":"product_cat-erkek-cocuk","9":"product_cat-havlular","10":"product_cat-kiz-cocuk","11":"product_tag-aksesuarlar","13":"first","14":"instock","15":"taxable","16":"shipping-taxable","17":"purchasable","18":"product-type-variable","19":"has-default-attributes"},"aioseo_notices":[],"jetpack_sharing_enabled":true,"_links":{"self":[{"href":"https:\/\/louloubabygifts.com\/index.php\/wp-json\/wp\/v2\/product\/989176","targetHints":{"allow":["GET"]}}],"collection":[{"href":"https:\/\/louloubabygifts.com\/index.php\/wp-json\/wp\/v2\/product"}],"about":[{"href":"https:\/\/louloubabygifts.com\/index.php\/wp-json\/wp\/v2\/types\/product"}],"replies":[{"embeddable":true,"href":"https:\/\/louloubabygifts.com\/index.php\/wp-json\/wp\/v2\/comments?post=989176"}],"version-history":[{"count":5,"href":"https:\/\/louloubabygifts.com\/index.php\/wp-json\/wp\/v2\/product\/989176\/revisions"}],"predecessor-version":[{"id":990568,"href":"https:\/\/louloubabygifts.com\/index.php\/wp-json\/wp\/v2\/product\/989176\/revisions\/990568"}],"wp:featuredmedia":[{"embeddable":true,"href":"https:\/\/louloubabygifts.com\/index.php\/wp-json\/wp\/v2\/media\/989180"}],"wp:attachment":[{"href":"https:\/\/louloubabygifts.com\/index.php\/wp-json\/wp\/v2\/media?parent=989176"}],"wp:term":[{"taxonomy":"product_brand","embeddable":true,"href":"https:\/\/louloubabygifts.com\/index.php\/wp-json\/wp\/v2\/product_brand?post=989176"},{"taxonomy":"product_cat","embeddable":true,"href":"https:\/\/louloubabygifts.com\/index.php\/wp-json\/wp\/v2\/product_cat?post=989176"},{"taxonomy":"product_tag","embeddable":true,"href":"https:\/\/louloubabygifts.com\/index.php\/wp-json\/wp\/v2\/product_tag?post=989176"}],"curies":[{"name":"wp","href":"https:\/\/api.w.org\/{rel}","templated":true}]}}