{"id":988886,"date":"2023-09-27T20:53:12","date_gmt":"2023-09-27T20:53:12","guid":{"rendered":"http:\/\/loulou.aaicreative.com\/?post_type=product&#038;p=988886"},"modified":"2024-05-06T09:55:58","modified_gmt":"2024-05-06T09:55:58","slug":"muslin-battaniye-acik-yesil","status":"publish","type":"product","link":"https:\/\/louloubabygifts.com\/index.php\/product\/muslin-battaniye-acik-yesil\/","title":{"rendered":"M\u00fcslin Battaniye &#8211; A\u00e7\u0131k Ye\u015fil"},"content":{"rendered":"\t\t<div data-elementor-type=\"product-post\" data-elementor-id=\"988886\" class=\"elementor elementor-988886\" data-elementor-post-type=\"product\">\n\t\t\t\t\t\t<section class=\"elementor-section elementor-top-section elementor-element elementor-element-339ddaf elementor-section-boxed elementor-section-height-default elementor-section-height-default\" data-id=\"339ddaf\" data-element_type=\"section\" data-e-type=\"section\">\n\t\t\t\t\t\t<div class=\"elementor-container elementor-column-gap-default\">\n\t\t\t\t\t<div class=\"elementor-column elementor-col-100 elementor-top-column elementor-element elementor-element-a24308b\" data-id=\"a24308b\" data-element_type=\"column\" data-e-type=\"column\">\n\t\t\t<div class=\"elementor-widget-wrap elementor-element-populated\">\n\t\t\t\t\t\t<div class=\"elementor-element elementor-element-e2a2778 elementor-widget elementor-widget-text-editor\" data-id=\"e2a2778\" data-element_type=\"widget\" data-e-type=\"widget\" data-widget_type=\"text-editor.default\">\n\t\t\t\t<div class=\"elementor-widget-container\">\n\t\t\t\t\t\t\t\t\t<p style=\"background: white; margin: 0cm 0cm 7.5pt 0cm;\"><span style=\"font-size: 10.5pt; font-family: 'IBM Plex Sans',sans-serif; color: #29292b;\">Lou Lou Baby, yumu\u015fak ve nefes alabilir yap\u0131s\u0131yla bebe\u011finiz i\u00e7in benzersiz bir battaniye olacakt\u0131r. Her ko\u015fulda ve her mevsimde kullanaca\u011f\u0131n\u0131z muslin battaniyeleri yan\u0131n\u0131zdan ay\u0131rmak istemeyeceksiniz.<\/span><\/p><p style=\"background: white; box-sizing: border-box; font-variant-ligatures: normal; font-variant-caps: normal; orphans: 2; widows: 2; -webkit-text-stroke-width: 0px; text-decoration-thickness: initial; text-decoration-style: initial; text-decoration-color: initial; word-spacing: 0px; margin: 0cm 0cm 7.5pt 0cm;\"><span style=\"font-size: 10.5pt; font-family: 'IBM Plex Sans',sans-serif; color: #29292b;\">Uygun \u015fekilde kundaklanan bebeklerin daha rahat ve d\u00fczenli uyku uyuduklar\u0131n\u0131 bilim bize a\u00e7\u0131klad\u0131. Bu y\u00fczden Muslin bebek battaniyesi size ve bebe\u011finize kundak tecr\u00fcbesini verebilecek en g\u00fczel se\u00e7enektir.<\/span><\/p><p style=\"background: white; box-sizing: border-box; font-variant-ligatures: normal; font-variant-caps: normal; orphans: 2; widows: 2; -webkit-text-stroke-width: 0px; text-decoration-thickness: initial; text-decoration-style: initial; text-decoration-color: initial; word-spacing: 0px; margin: 0cm 0cm 7.5pt 0cm;\"><span style=\"font-size: 10.5pt; font-family: 'IBM Plex Sans',sans-serif; color: #29292b;\">%100 pamuktan \u00fcretilen battaniyelerimiz 4 kata sahip olmas\u0131 sayesinden uzun s\u00fcre dayan\u0131kl\u0131 kalmas\u0131n\u0131 sa\u011flar.<\/span><\/p><p style=\"margin: 0cm; background: white; box-sizing: border-box; font-variant-ligatures: normal; font-variant-caps: normal; orphans: 2; widows: 2; -webkit-text-stroke-width: 0px; text-decoration-thickness: initial; text-decoration-style: initial; text-decoration-color: initial; word-spacing: 0px;\"><span style=\"font-size: 10.5pt; font-family: 'IBM Plex Sans',sans-serif; color: #29292b;\">En \u00f6zel renkleri ile 100&#215;100 cm boyutlar\u0131 ile e\u015fsiz kullan\u0131m sa\u011flar. K\u0131z ve erkek \u00e7ocuklar i\u00e7in bebek kundak battaniyeleri, bebek kundak sarg\u0131s\u0131, gaz \u00e7\u0131karma bezi, oyun hal\u0131s\u0131, alt-a\u00e7ma battaniyesi vb. durumlar i\u00e7in uygundur. M\u00fckemmel bir hediye se\u00e7ene\u011fi olarakta d\u00fc\u015f\u00fcn\u00fclebilinir.<\/span><\/p>\t\t\t\t\t\t\t\t<\/div>\n\t\t\t\t<\/div>\n\t\t\t\t\t<\/div>\n\t\t<\/div>\n\t\t\t\t\t<\/div>\n\t\t<\/section>\n\t\t\t\t<\/div>\n\t\t","protected":false},"excerpt":{"rendered":"<div class=\"product-blocks blocks-top\">\n<div class=\"product-blocks-top product-blocks-233 grid-rows\">\n<div class=\"grid-row grid-row-233-1\">\n<div class=\"grid-cols\">\n<div class=\"grid-col grid-col-233-1-1\">\n<div class=\"grid-items\">\n<div class=\"grid-item grid-item-233-1-1-1\">\n<div class=\"module module-blocks module-blocks-48 blocks-tabs\">\n<div class=\"module-body\">\n<div class=\"tabs-container\">\n<div class=\"tab-content\">\n<div id=\"blocks-65096f3a3978d-tab-1\" class=\"module-item module-item-1 tab-pane active\">\n<div class=\"block-body expand-block\">\n<div class=\"block-wrapper\">\n<div class=\"block-content expand-content block-description block-expanded\">\n<p style=\"background: white; margin: 0cm 0cm 7.5pt 0cm;\"><span style=\"font-size: 10.5pt; font-family: 'IBM Plex Sans',sans-serif; color: #29292b;\">Lou Lou Baby, yumu\u015fak ve nefes alabilir yap\u0131s\u0131yla bebe\u011finiz i\u00e7in benzersiz bir battaniye olacakt\u0131r. Her ko\u015fulda ve her mevsimde kullanaca\u011f\u0131n\u0131z muslin battaniyeleri yan\u0131n\u0131zdan ay\u0131rmak istemeyeceksiniz.<\/span><\/p>\n<p style=\"background: white; box-sizing: border-box; font-variant-ligatures: normal; font-variant-caps: normal; orphans: 2; widows: 2; -webkit-text-stroke-width: 0px; text-decoration-thickness: initial; text-decoration-style: initial; text-decoration-color: initial; word-spacing: 0px; margin: 0cm 0cm 7.5pt 0cm;\"><span style=\"font-size: 10.5pt; font-family: 'IBM Plex Sans',sans-serif; color: #29292b;\">Uygun \u015fekilde kundaklanan bebeklerin daha rahat ve d\u00fczenli uyku uyuduklar\u0131n\u0131 bilim bize a\u00e7\u0131klad\u0131. Bu y\u00fczden Muslin bebek battaniyesi size ve bebe\u011finize kundak tecr\u00fcbesini verebilecek en g\u00fczel se\u00e7enektir.<\/span><\/p>\n<p style=\"background: white; box-sizing: border-box; font-variant-ligatures: normal; font-variant-caps: normal; orphans: 2; widows: 2; -webkit-text-stroke-width: 0px; text-decoration-thickness: initial; text-decoration-style: initial; text-decoration-color: initial; word-spacing: 0px; margin: 0cm 0cm 7.5pt 0cm;\"><span style=\"font-size: 10.5pt; font-family: 'IBM Plex Sans',sans-serif; color: #29292b;\">%100 pamuktan \u00fcretilen battaniyelerimiz 4 kata sahip olmas\u0131 sayesinden uzun s\u00fcre dayan\u0131kl\u0131 kalmas\u0131n\u0131 sa\u011flar.<\/span><\/p>\n<p style=\"margin: 0cm; background: white; box-sizing: border-box; font-variant-ligatures: normal; font-variant-caps: normal; orphans: 2; widows: 2; -webkit-text-stroke-width: 0px; text-decoration-thickness: initial; text-decoration-style: initial; text-decoration-color: initial; word-spacing: 0px;\"><span style=\"font-size: 10.5pt; font-family: 'IBM Plex Sans',sans-serif; color: #29292b;\">En \u00f6zel renkleri ile 100&#215;100 cm boyutlar\u0131 ile e\u015fsiz kullan\u0131m sa\u011flar. K\u0131z ve erkek \u00e7ocuklar i\u00e7in bebek kundak battaniyeleri, bebek kundak sarg\u0131s\u0131, gaz \u00e7\u0131karma bezi, oyun hal\u0131s\u0131, alt-a\u00e7ma battaniyesi vb. durumlar i\u00e7in uygundur. M\u00fckemmel bir hediye se\u00e7ene\u011fi olarakta d\u00fc\u015f\u00fcn\u00fclebilinir.<\/span><\/p>\n<\/div>\n<\/div>\n<\/div>\n<\/div>\n<\/div>\n<\/div>\n<\/div>\n<\/div>\n<\/div>\n<\/div>\n<\/div>\n<\/div>\n<\/div>\n<\/div>\n<\/div>\n","protected":false},"featured_media":988888,"comment_status":"closed","ping_status":"closed","template":"","meta":[],"product_brand":[],"product_cat":[46,347,65,52,57],"product_tag":[406],"class_list":{"0":"post-988886","1":"product","2":"type-product","3":"status-publish","4":"has-post-thumbnail","6":"product_cat-aksesuarlar","7":"product_cat-battaniyeler","8":"product_cat-bebekler","9":"product_cat-erkek-cocuk","10":"product_cat-kiz-cocuk","11":"product_tag-aksesuarlar","13":"first","14":"instock","15":"taxable","16":"shipping-taxable","17":"purchasable","18":"product-type-variable"},"aioseo_notices":[],"jetpack_sharing_enabled":true,"_links":{"self":[{"href":"https:\/\/louloubabygifts.com\/index.php\/wp-json\/wp\/v2\/product\/988886","targetHints":{"allow":["GET"]}}],"collection":[{"href":"https:\/\/louloubabygifts.com\/index.php\/wp-json\/wp\/v2\/product"}],"about":[{"href":"https:\/\/louloubabygifts.com\/index.php\/wp-json\/wp\/v2\/types\/product"}],"replies":[{"embeddable":true,"href":"https:\/\/louloubabygifts.com\/index.php\/wp-json\/wp\/v2\/comments?post=988886"}],"version-history":[{"count":1,"href":"https:\/\/louloubabygifts.com\/index.php\/wp-json\/wp\/v2\/product\/988886\/revisions"}],"predecessor-version":[{"id":988890,"href":"https:\/\/louloubabygifts.com\/index.php\/wp-json\/wp\/v2\/product\/988886\/revisions\/988890"}],"wp:featuredmedia":[{"embeddable":true,"href":"https:\/\/louloubabygifts.com\/index.php\/wp-json\/wp\/v2\/media\/988888"}],"wp:attachment":[{"href":"https:\/\/louloubabygifts.com\/index.php\/wp-json\/wp\/v2\/media?parent=988886"}],"wp:term":[{"taxonomy":"product_brand","embeddable":true,"href":"https:\/\/louloubabygifts.com\/index.php\/wp-json\/wp\/v2\/product_brand?post=988886"},{"taxonomy":"product_cat","embeddable":true,"href":"https:\/\/louloubabygifts.com\/index.php\/wp-json\/wp\/v2\/product_cat?post=988886"},{"taxonomy":"product_tag","embeddable":true,"href":"https:\/\/louloubabygifts.com\/index.php\/wp-json\/wp\/v2\/product_tag?post=988886"}],"curies":[{"name":"wp","href":"https:\/\/api.w.org\/{rel}","templated":true}]}}