{"id":988823,"date":"2023-09-26T22:19:04","date_gmt":"2023-09-26T22:19:04","guid":{"rendered":"http:\/\/loulou.aaicreative.com\/?post_type=product&#038;p=988823"},"modified":"2024-10-08T12:54:25","modified_gmt":"2024-10-08T12:54:25","slug":"luca-stars-triko-battaniye","status":"publish","type":"product","link":"https:\/\/louloubabygifts.com\/index.php\/product\/luca-stars-triko-battaniye\/","title":{"rendered":"Luca Stars Triko Battaniye"},"content":{"rendered":"\t\t<div data-elementor-type=\"product-post\" data-elementor-id=\"988823\" class=\"elementor elementor-988823\" data-elementor-post-type=\"product\">\n\t\t\t\t\t\t<section class=\"elementor-section elementor-top-section elementor-element elementor-element-339ddaf elementor-section-boxed elementor-section-height-default elementor-section-height-default\" data-id=\"339ddaf\" data-element_type=\"section\" data-e-type=\"section\">\n\t\t\t\t\t\t<div class=\"elementor-container elementor-column-gap-default\">\n\t\t\t\t\t<div class=\"elementor-column elementor-col-100 elementor-top-column elementor-element elementor-element-a24308b\" data-id=\"a24308b\" data-element_type=\"column\" data-e-type=\"column\">\n\t\t\t<div class=\"elementor-widget-wrap elementor-element-populated\">\n\t\t\t\t\t\t<div class=\"elementor-element elementor-element-e2a2778 elementor-widget elementor-widget-text-editor\" data-id=\"e2a2778\" data-element_type=\"widget\" data-e-type=\"widget\" data-widget_type=\"text-editor.default\">\n\t\t\t\t<div class=\"elementor-widget-container\">\n\t\t\t\t\t\t\t\t\t<p>\u00dcr\u00fcnlerin do\u011fru ko\u015fullarda organik olarak sunulabilmesi i\u00e7in uluslararas\u0131 ge\u00e7erliliktedir. Sertifikasyona sahip olmas\u0131 ve bunun kriterleri do\u011frultusunda \u00fcretilmesi ve denetlenmesi gerekmektedir. Bu neden ile GOTS sertifikas\u0131n\u0131n amac\u0131 ham maddelerin toplanmas\u0131ndan \u00fcr\u00fcnlerin bitimine kadar, t\u00fcm s\u00fcreci denetlemek ve t\u00fcketiciye organik \u00fcr\u00fcn g\u00fcvencesi vermektir.<\/p><ul><li>Anne \u00f6zeni ile \u00fcretilen \u00fcr\u00fcnlerimizin tamam\u0131 uluslararas\u0131 standartlarda onayl\u0131d\u0131r, Zararl\u0131 kimyasallar bar\u0131nd\u0131rmayarak bebe\u011finizin alerji riskini azalt\u0131r ve sa\u011fl\u0131\u011f\u0131n\u0131 korur.<\/li><li><strong> \u00dcr\u00fcn Boyutlar\u0131 : 80 x 100 cm<\/strong><\/li><li>Bebeklerin sa\u011fl\u0131\u011f\u0131na zararl\u0131 materyaller kullan\u0131lmam\u0131\u015ft\u0131r.<\/li><li>30 derecede y\u0131kama yapabilirsiniz.<\/li><li>Y\u00fcksek \u0131s\u0131da \u00fct\u00fcleme yapmay\u0131n\u0131z.<\/li><li>Kuma\u015f \u0130\u00e7eri\u011fi: %100 Organik Pamuk<\/li><li>\u00dcretim Yeri: T\u00fcrkiye\u00a0\u00a0<\/li><\/ul><p>\u00a0<\/p>\t\t\t\t\t\t\t\t<\/div>\n\t\t\t\t<\/div>\n\t\t\t\t\t<\/div>\n\t\t<\/div>\n\t\t\t\t\t<\/div>\n\t\t<\/section>\n\t\t\t\t<\/div>\n\t\t","protected":false},"excerpt":{"rendered":"<div class=\"product-blocks blocks-top\">\n<div class=\"product-blocks-top product-blocks-233 grid-rows\">\n<div class=\"grid-row grid-row-233-1\">\n<div class=\"grid-cols\">\n<div class=\"grid-col grid-col-233-1-1\">\n<div class=\"grid-items\">\n<div class=\"grid-item grid-item-233-1-1-1\">\n<div class=\"module module-blocks module-blocks-48 blocks-tabs\">\n<div class=\"module-body\">\n<div class=\"tabs-container\">\n<div class=\"tab-content\">\n<div id=\"blocks-65096f3a3978d-tab-1\" class=\"module-item module-item-1 tab-pane active\">\n<div class=\"block-body expand-block\">\n<div class=\"block-wrapper\">\n<div class=\"block-content expand-content block-description block-expanded\">\n<p>\u00dcr\u00fcnlerin do\u011fru ko\u015fullarda organik olarak sunulabilmesi i\u00e7in uluslararas\u0131 ge\u00e7erliliktedir. Sertifikasyona sahip olmas\u0131 ve bunun kriterleri do\u011frultusunda \u00fcretilmesi ve denetlenmesi gerekmektedir. Bu neden ile GOTS sertifikas\u0131n\u0131n amac\u0131 ham maddelerin toplanmas\u0131ndan \u00fcr\u00fcnlerin bitimine kadar, t\u00fcm s\u00fcreci denetlemek ve t\u00fcketiciye organik \u00fcr\u00fcn g\u00fcvencesi vermektir.<\/p>\n<ul>\n<li>Anne \u00f6zeni ile \u00fcretilen \u00fcr\u00fcnlerimizin tamam\u0131 uluslararas\u0131 standartlarda onayl\u0131d\u0131r, Zararl\u0131 kimyasallar bar\u0131nd\u0131rmayarak bebe\u011finizin alerji riskini azalt\u0131r ve sa\u011fl\u0131\u011f\u0131n\u0131 korur.<\/li>\n<li><strong> \u00dcr\u00fcn Boyutlar\u0131 : 80 x 100 cm<\/strong><\/li>\n<li>Bebeklerin sa\u011fl\u0131\u011f\u0131na zararl\u0131 materyaller kullan\u0131lmam\u0131\u015ft\u0131r.<\/li>\n<li>30 derecede y\u0131kama yapabilirsiniz.<\/li>\n<li>Y\u00fcksek \u0131s\u0131da \u00fct\u00fcleme yapmay\u0131n\u0131z.<\/li>\n<li>Kuma\u015f \u0130\u00e7eri\u011fi: %100 Organik Pamuk<\/li>\n<li>\u00dcretim Yeri: T\u00fcrkiye<\/li>\n<\/ul>\n<\/div>\n<\/div>\n<\/div>\n<\/div>\n<\/div>\n<\/div>\n<\/div>\n<\/div>\n<\/div>\n<\/div>\n<\/div>\n<\/div>\n<\/div>\n<\/div>\n<\/div>\n","protected":false},"featured_media":988830,"comment_status":"closed","ping_status":"closed","template":"","meta":[],"product_brand":[],"product_cat":[46,347,65,52,57],"product_tag":[406],"class_list":{"0":"post-988823","1":"product","2":"type-product","3":"status-publish","4":"has-post-thumbnail","6":"product_cat-aksesuarlar","7":"product_cat-battaniyeler","8":"product_cat-bebekler","9":"product_cat-erkek-cocuk","10":"product_cat-kiz-cocuk","11":"product_tag-aksesuarlar","13":"first","14":"instock","15":"taxable","16":"shipping-taxable","17":"purchasable","18":"product-type-variable"},"aioseo_notices":[],"jetpack_sharing_enabled":true,"_links":{"self":[{"href":"https:\/\/louloubabygifts.com\/index.php\/wp-json\/wp\/v2\/product\/988823","targetHints":{"allow":["GET"]}}],"collection":[{"href":"https:\/\/louloubabygifts.com\/index.php\/wp-json\/wp\/v2\/product"}],"about":[{"href":"https:\/\/louloubabygifts.com\/index.php\/wp-json\/wp\/v2\/types\/product"}],"replies":[{"embeddable":true,"href":"https:\/\/louloubabygifts.com\/index.php\/wp-json\/wp\/v2\/comments?post=988823"}],"version-history":[{"count":5,"href":"https:\/\/louloubabygifts.com\/index.php\/wp-json\/wp\/v2\/product\/988823\/revisions"}],"predecessor-version":[{"id":990572,"href":"https:\/\/louloubabygifts.com\/index.php\/wp-json\/wp\/v2\/product\/988823\/revisions\/990572"}],"wp:featuredmedia":[{"embeddable":true,"href":"https:\/\/louloubabygifts.com\/index.php\/wp-json\/wp\/v2\/media\/988830"}],"wp:attachment":[{"href":"https:\/\/louloubabygifts.com\/index.php\/wp-json\/wp\/v2\/media?parent=988823"}],"wp:term":[{"taxonomy":"product_brand","embeddable":true,"href":"https:\/\/louloubabygifts.com\/index.php\/wp-json\/wp\/v2\/product_brand?post=988823"},{"taxonomy":"product_cat","embeddable":true,"href":"https:\/\/louloubabygifts.com\/index.php\/wp-json\/wp\/v2\/product_cat?post=988823"},{"taxonomy":"product_tag","embeddable":true,"href":"https:\/\/louloubabygifts.com\/index.php\/wp-json\/wp\/v2\/product_tag?post=988823"}],"curies":[{"name":"wp","href":"https:\/\/api.w.org\/{rel}","templated":true}]}}