{"id":988698,"date":"2023-09-25T21:13:38","date_gmt":"2023-09-25T21:13:38","guid":{"rendered":"http:\/\/loulou.aaicreative.com\/?post_type=product&#038;p=988698"},"modified":"2024-11-13T17:52:13","modified_gmt":"2024-11-13T17:52:13","slug":"ekru-tutu-etek","status":"publish","type":"product","link":"https:\/\/louloubabygifts.com\/index.php\/product\/ekru-tutu-etek\/","title":{"rendered":"Ekru T\u00fct\u00fc Etek"},"content":{"rendered":"\t\t<div data-elementor-type=\"product-post\" data-elementor-id=\"988698\" class=\"elementor elementor-988698\" data-elementor-post-type=\"product\">\n\t\t\t\t\t\t<section class=\"elementor-section elementor-top-section elementor-element elementor-element-339ddaf elementor-section-boxed elementor-section-height-default elementor-section-height-default\" data-id=\"339ddaf\" data-element_type=\"section\" data-e-type=\"section\">\n\t\t\t\t\t\t<div class=\"elementor-container elementor-column-gap-default\">\n\t\t\t\t\t<div class=\"elementor-column elementor-col-100 elementor-top-column elementor-element elementor-element-a24308b\" data-id=\"a24308b\" data-element_type=\"column\" data-e-type=\"column\">\n\t\t\t<div class=\"elementor-widget-wrap elementor-element-populated\">\n\t\t\t\t\t\t<div class=\"elementor-element elementor-element-e2a2778 elementor-widget elementor-widget-text-editor\" data-id=\"e2a2778\" data-element_type=\"widget\" data-e-type=\"widget\" data-widget_type=\"text-editor.default\">\n\t\t\t\t<div class=\"elementor-widget-container\">\n\t\t\t\t\t\t\t\t\t<p>LOULOU Bebek Hediyeleri, Tutu eteklerimiz 5 kat olup likral\u0131 t\u00fcl kullan\u0131lm\u0131\u015ft\u0131r. \u00d6zel g\u00fcnlerinizde bebe\u011finiz i\u00e7in \u00e7ok \u015f\u0131k ama rahat bir se\u00e7im olacakt\u0131r.<\/p><p>5 KATTAN OLU\u015eMAKTADIR Minik k\u0131zlar\u0131n en g\u00fczel anlar\u0131na tan\u0131kl\u0131k eden tutu eteklerimiz en kaliteli t\u00fcl kullan\u0131larak sizlere hem \u015f\u0131k hem de rahat bir kullan\u0131m sunuyor.<\/p><p>SATEN KUMA\u015e, bebe\u011finizin tenine temas eden alt k\u0131sm\u0131nda i\u00e7 giyimde kullan\u0131lan saten ile birle\u015ferek rahat bir tasar\u0131m olu\u015fturur.<\/p><p>KAD\u0130FE \u015eER\u0130T VE ELAST\u0130K KEMER, beli s\u0131kmadan rahat\u00e7a oturur ve geni\u015f elastik bel b\u00f6lgesi sayesinde kaymay\u0131 \u00f6nler. Etek ile ayn\u0131 renkte kadife kurdele ile \u015f\u0131k bir hal al\u0131r. So\u011fuk y\u0131kama ile elde y\u0131kay\u0131n\u0131z. Sadece saten k\u0131sm\u0131 d\u00fc\u015f\u00fck s\u0131cakl\u0131kta \u00fct\u00fcleyin. a\u011fartma yok Kuru temizlenebilir.<\/p><p>LOULOU Baby Gifts ailesi olarak anne \u015fefkatiyle haz\u0131rlad\u0131\u011f\u0131m\u0131z \u00f6zel tasar\u0131mlar\u0131m\u0131z\u0131 ve nadide renklerimizi bir araya getirerek en mutlu anlar\u0131n\u0131zda size e\u015flik etmek istiyoruz.<\/p><p>\u00d6L\u00c7\u00dcLER\u0130 g\u00fcnl\u00fck kullan\u0131ma uygundur. 1-2 ya\u015f, 3-4 ya\u015f i\u00e7in uygundur. T\u00fcl eteklerimiz bir\u00e7ok ortama uyum sa\u011flar.\u00a0 do\u011fum g\u00fcn\u00fc, partiler, g\u00fcnl\u00fck giyim, Cad\u0131lar Bayram\u0131, Noel, i\u00e7in uygundur.<\/p><p>\u00a0<\/p>\t\t\t\t\t\t\t\t<\/div>\n\t\t\t\t<\/div>\n\t\t\t\t\t<\/div>\n\t\t<\/div>\n\t\t\t\t\t<\/div>\n\t\t<\/section>\n\t\t\t\t<\/div>\n\t\t","protected":false},"excerpt":{"rendered":"<div class=\"product-blocks blocks-top\">\n<div class=\"product-blocks-top product-blocks-233 grid-rows\">\n<div class=\"grid-row grid-row-233-1\">\n<div class=\"grid-cols\">\n<div class=\"grid-col grid-col-233-1-1\">\n<div class=\"grid-items\">\n<div class=\"grid-item grid-item-233-1-1-1\">\n<div class=\"module module-blocks module-blocks-48 blocks-tabs\">\n<div class=\"module-body\">\n<div class=\"tabs-container\">\n<div class=\"tab-content\">\n<div id=\"blocks-65096f3a3978d-tab-1\" class=\"module-item module-item-1 tab-pane active\">\n<div class=\"block-body expand-block\">\n<div class=\"block-wrapper\">\n<div class=\"block-content expand-content block-description block-expanded\">\n<p>LOULOU Bebek Hediyeleri, Tutu eteklerimiz 5 kat olup likral\u0131 t\u00fcl kullan\u0131lm\u0131\u015ft\u0131r. \u00d6zel g\u00fcnlerinizde bebe\u011finiz i\u00e7in \u00e7ok \u015f\u0131k ama rahat bir se\u00e7im olacakt\u0131r.<\/p>\n<p>5 KATTAN OLU\u015eMAKTADIR Minik k\u0131zlar\u0131n en g\u00fczel anlar\u0131na tan\u0131kl\u0131k eden tutu eteklerimiz en kaliteli t\u00fcl kullan\u0131larak sizlere hem \u015f\u0131k hem de rahat bir kullan\u0131m sunuyor.<\/p>\n<p>SATEN KUMA\u015e, bebe\u011finizin tenine temas eden alt k\u0131sm\u0131nda i\u00e7 giyimde kullan\u0131lan saten ile birle\u015ferek rahat bir tasar\u0131m olu\u015fturur.<\/p>\n<p>KAD\u0130FE \u015eER\u0130T VE ELAST\u0130K KEMER, beli s\u0131kmadan rahat\u00e7a oturur ve geni\u015f elastik bel b\u00f6lgesi sayesinde kaymay\u0131 \u00f6nler. Etek ile ayn\u0131 renkte kadife kurdele ile \u015f\u0131k bir hal al\u0131r. So\u011fuk y\u0131kama ile elde y\u0131kay\u0131n\u0131z. Sadece saten k\u0131sm\u0131 d\u00fc\u015f\u00fck s\u0131cakl\u0131kta \u00fct\u00fcleyin. a\u011fartma yok Kuru temizlenebilir.<\/p>\n<p>LOULOU Baby Gifts ailesi olarak anne \u015fefkatiyle haz\u0131rlad\u0131\u011f\u0131m\u0131z \u00f6zel tasar\u0131mlar\u0131m\u0131z\u0131 ve nadide renklerimizi bir araya getirerek en mutlu anlar\u0131n\u0131zda size e\u015flik etmek istiyoruz.<\/p>\n<p>\u00d6L\u00c7\u00dcLER\u0130 g\u00fcnl\u00fck kullan\u0131ma uygundur. 1-2 ya\u015f, 3-4 ya\u015f i\u00e7in uygundur. T\u00fcl eteklerimiz bir\u00e7ok ortama uyum sa\u011flar.\u00a0 do\u011fum g\u00fcn\u00fc, partiler, g\u00fcnl\u00fck giyim, Cad\u0131lar Bayram\u0131, Noel, i\u00e7in uygundur.<\/p>\n<p>&nbsp;<\/p>\n<\/div>\n<\/div>\n<\/div>\n<\/div>\n<\/div>\n<\/div>\n<\/div>\n<\/div>\n<\/div>\n<\/div>\n<\/div>\n<\/div>\n<\/div>\n<\/div>\n<\/div>\n","protected":false},"featured_media":988700,"comment_status":"closed","ping_status":"closed","template":"","meta":[],"product_brand":[],"product_cat":[338,57],"product_tag":[],"class_list":{"0":"post-988698","1":"product","2":"type-product","3":"status-publish","4":"has-post-thumbnail","6":"product_cat-etekler","7":"product_cat-kiz-cocuk","9":"first","10":"instock","11":"taxable","12":"shipping-taxable","13":"purchasable","14":"product-type-variable"},"aioseo_notices":[],"jetpack_sharing_enabled":true,"_links":{"self":[{"href":"https:\/\/louloubabygifts.com\/index.php\/wp-json\/wp\/v2\/product\/988698","targetHints":{"allow":["GET"]}}],"collection":[{"href":"https:\/\/louloubabygifts.com\/index.php\/wp-json\/wp\/v2\/product"}],"about":[{"href":"https:\/\/louloubabygifts.com\/index.php\/wp-json\/wp\/v2\/types\/product"}],"replies":[{"embeddable":true,"href":"https:\/\/louloubabygifts.com\/index.php\/wp-json\/wp\/v2\/comments?post=988698"}],"version-history":[{"count":5,"href":"https:\/\/louloubabygifts.com\/index.php\/wp-json\/wp\/v2\/product\/988698\/revisions"}],"predecessor-version":[{"id":990611,"href":"https:\/\/louloubabygifts.com\/index.php\/wp-json\/wp\/v2\/product\/988698\/revisions\/990611"}],"wp:featuredmedia":[{"embeddable":true,"href":"https:\/\/louloubabygifts.com\/index.php\/wp-json\/wp\/v2\/media\/988700"}],"wp:attachment":[{"href":"https:\/\/louloubabygifts.com\/index.php\/wp-json\/wp\/v2\/media?parent=988698"}],"wp:term":[{"taxonomy":"product_brand","embeddable":true,"href":"https:\/\/louloubabygifts.com\/index.php\/wp-json\/wp\/v2\/product_brand?post=988698"},{"taxonomy":"product_cat","embeddable":true,"href":"https:\/\/louloubabygifts.com\/index.php\/wp-json\/wp\/v2\/product_cat?post=988698"},{"taxonomy":"product_tag","embeddable":true,"href":"https:\/\/louloubabygifts.com\/index.php\/wp-json\/wp\/v2\/product_tag?post=988698"}],"curies":[{"name":"wp","href":"https:\/\/api.w.org\/{rel}","templated":true}]}}