{"id":988666,"date":"2023-09-24T21:51:11","date_gmt":"2023-09-24T21:51:11","guid":{"rendered":"http:\/\/loulou.aaicreative.com\/?post_type=product&#038;p=988666"},"modified":"2025-05-15T08:31:11","modified_gmt":"2025-05-15T08:31:11","slug":"lucas-blue-marine","status":"publish","type":"product","link":"https:\/\/louloubabygifts.com\/index.php\/product\/lucas-blue-marine\/","title":{"rendered":"Lucas Blue Marine"},"content":{"rendered":"\t\t<div data-elementor-type=\"product-post\" data-elementor-id=\"988666\" class=\"elementor elementor-988666\" data-elementor-post-type=\"product\">\n\t\t\t\t\t\t<section class=\"elementor-section elementor-top-section elementor-element elementor-element-489a61ae elementor-section-boxed elementor-section-height-default elementor-section-height-default\" data-id=\"489a61ae\" data-element_type=\"section\" data-e-type=\"section\">\n\t\t\t\t\t\t<div class=\"elementor-container elementor-column-gap-default\">\n\t\t\t\t\t<div class=\"elementor-column elementor-col-100 elementor-top-column elementor-element elementor-element-d00f4fd\" data-id=\"d00f4fd\" data-element_type=\"column\" data-e-type=\"column\">\n\t\t\t<div class=\"elementor-widget-wrap elementor-element-populated\">\n\t\t\t\t\t\t<div class=\"elementor-element elementor-element-1aeeb757 elementor-widget elementor-widget-text-editor\" data-id=\"1aeeb757\" data-element_type=\"widget\" data-e-type=\"widget\" data-widget_type=\"text-editor.default\">\n\t\t\t\t<div class=\"elementor-widget-container\">\n\t\t\t\t\t\t\t\t\t<p>Yaz\u0131n gelmesi ile birlikte t\u00fcm atmosferi yans\u0131tan renkler ve detaylar kullan\u0131larak tasarlanan \u00f6zel koleksiyonumuzda deniz temas\u0131n\u0131 \u00fcr\u00fcn renklerinde ve g\u00f6rsel detaylarda kulland\u0131k. %100 Organik S\u00fcprem Pamuklu kuma\u015ftan \u00fcretti\u011fimiz dokusuyla minik erkeklerimiz i\u00e7in hem \u00e7ok konforlu bir tasar\u0131ma sahip hem de nefes alan dokusu ile \u00e7ocu\u011funuzu terlemesini engeller. Minik Centilmenlere yak\u0131\u015facak bebe yakas\u0131 ve \u00f6n\u00fcnde bulunan nak\u0131\u015f ve bask\u0131 detaylar\u0131 ile sizin de vazge\u00e7ilmeziniz olacak !<\/p>\t\t\t\t\t\t\t\t<\/div>\n\t\t\t\t<\/div>\n\t\t\t\t\t<\/div>\n\t\t<\/div>\n\t\t\t\t\t<\/div>\n\t\t<\/section>\n\t\t\t\t<\/div>\n\t\t","protected":false},"excerpt":{"rendered":"<p>Yaz\u0131n gelmesi ile birlikte t\u00fcm atmosferi yans\u0131tan renkler ve detaylar kullan\u0131larak tasarlanan \u00f6zel koleksiyonumuzda deniz temas\u0131n\u0131 \u00fcr\u00fcn renklerinde ve g\u00f6rsel detaylarda kulland\u0131k. %100 Organik S\u00fcprem Pamuklu kuma\u015ftan \u00fcretti\u011fimiz dokusuyla minik erkeklerimiz i\u00e7in hem \u00e7ok konforlu bir tasar\u0131ma sahip hem de nefes alan dokusu ile \u00e7ocu\u011funuzu terlemesini engeller. Minik Centilmenlere yak\u0131\u015facak bebe yakas\u0131 ve \u00f6n\u00fcnde bulunan nak\u0131\u015f ve bask\u0131 detaylar\u0131 ile sizin de vazge\u00e7ilmeziniz olacak !<\/p>\n","protected":false},"featured_media":988673,"comment_status":"closed","ping_status":"closed","template":"","meta":[],"product_brand":[],"product_cat":[65,138,379,52],"product_tag":[],"class_list":{"0":"post-988666","1":"product","2":"type-product","3":"status-publish","4":"has-post-thumbnail","6":"product_cat-bebekler","7":"product_cat-body-zibin","8":"product_cat-erkek-body-zibin","9":"product_cat-erkek-cocuk","11":"first","12":"instock","13":"taxable","14":"shipping-taxable","15":"purchasable","16":"product-type-variable"},"aioseo_notices":[],"jetpack_sharing_enabled":true,"_links":{"self":[{"href":"https:\/\/louloubabygifts.com\/index.php\/wp-json\/wp\/v2\/product\/988666","targetHints":{"allow":["GET"]}}],"collection":[{"href":"https:\/\/louloubabygifts.com\/index.php\/wp-json\/wp\/v2\/product"}],"about":[{"href":"https:\/\/louloubabygifts.com\/index.php\/wp-json\/wp\/v2\/types\/product"}],"replies":[{"embeddable":true,"href":"https:\/\/louloubabygifts.com\/index.php\/wp-json\/wp\/v2\/comments?post=988666"}],"version-history":[{"count":6,"href":"https:\/\/louloubabygifts.com\/index.php\/wp-json\/wp\/v2\/product\/988666\/revisions"}],"predecessor-version":[{"id":990721,"href":"https:\/\/louloubabygifts.com\/index.php\/wp-json\/wp\/v2\/product\/988666\/revisions\/990721"}],"wp:featuredmedia":[{"embeddable":true,"href":"https:\/\/louloubabygifts.com\/index.php\/wp-json\/wp\/v2\/media\/988673"}],"wp:attachment":[{"href":"https:\/\/louloubabygifts.com\/index.php\/wp-json\/wp\/v2\/media?parent=988666"}],"wp:term":[{"taxonomy":"product_brand","embeddable":true,"href":"https:\/\/louloubabygifts.com\/index.php\/wp-json\/wp\/v2\/product_brand?post=988666"},{"taxonomy":"product_cat","embeddable":true,"href":"https:\/\/louloubabygifts.com\/index.php\/wp-json\/wp\/v2\/product_cat?post=988666"},{"taxonomy":"product_tag","embeddable":true,"href":"https:\/\/louloubabygifts.com\/index.php\/wp-json\/wp\/v2\/product_tag?post=988666"}],"curies":[{"name":"wp","href":"https:\/\/api.w.org\/{rel}","templated":true}]}}