{"id":988656,"date":"2023-09-24T21:42:44","date_gmt":"2023-09-24T21:42:44","guid":{"rendered":"http:\/\/loulou.aaicreative.com\/?post_type=product&#038;p=988656"},"modified":"2025-02-26T11:15:32","modified_gmt":"2025-02-26T11:15:32","slug":"bebe-yaka-body-unisex-yusufcuk-islemeli","status":"publish","type":"product","link":"https:\/\/louloubabygifts.com\/index.php\/product\/bebe-yaka-body-unisex-yusufcuk-islemeli\/","title":{"rendered":"Bebe Yaka Body Unisex -(Yusuf\u00e7uk \u0130\u015flemeli)"},"content":{"rendered":"\t\t<div data-elementor-type=\"product-post\" data-elementor-id=\"988656\" class=\"elementor elementor-988656\" data-elementor-post-type=\"product\">\n\t\t\t\t\t\t<section class=\"elementor-section elementor-top-section elementor-element elementor-element-489a61ae elementor-section-boxed elementor-section-height-default elementor-section-height-default\" data-id=\"489a61ae\" data-element_type=\"section\" data-e-type=\"section\">\n\t\t\t\t\t\t<div class=\"elementor-container elementor-column-gap-default\">\n\t\t\t\t\t<div class=\"elementor-column elementor-col-100 elementor-top-column elementor-element elementor-element-d00f4fd\" data-id=\"d00f4fd\" data-element_type=\"column\" data-e-type=\"column\">\n\t\t\t<div class=\"elementor-widget-wrap elementor-element-populated\">\n\t\t\t\t\t\t<div class=\"elementor-element elementor-element-1aeeb757 elementor-widget elementor-widget-text-editor\" data-id=\"1aeeb757\" data-element_type=\"widget\" data-e-type=\"widget\" data-widget_type=\"text-editor.default\">\n\t\t\t\t<div class=\"elementor-widget-container\">\n\t\t\t\t\t\t\t\t\t<p>LouLou Baby Gifts, Uzun Kollu Bebek Yaka Body %100 Cotton kuma\u015ftan \u00fcretilmi\u015f olup, yakas\u0131ndaki komple i\u015flemeleri ile hem \u00f6zel g\u00fcnlerin hem de g\u00fcnl\u00fck hayat\u0131n vazge\u00e7ilmezi olacakt\u0131r.<\/p><p>YUMU\u015eAK VE RAHAT DOKULU BEBEK BODY, yumu\u015fak dokulu bir katmana sahiptir. Bebekler i\u00e7in \u00f6zel olarak tasarlanm\u0131\u015f yap\u0131s\u0131 ile bebe\u011finiz hem \u015f\u0131k hem de rahat hissedecektir. Uzun kollu pratik \u00e7\u0131t\u00e7\u0131tlar ve file tente ile giyinmek ve soyunmak \u00e7ocuk oyunca\u011f\u0131!<\/p><p>%100 PAMUK Anne bak\u0131m\u0131 ile \u00fcretilen \u00fcr\u00fcnlerimizin tamam\u0131 zararl\u0131 kimyasallar i\u00e7ermez, pamuklu yap\u0131s\u0131 alerji riskini azalt\u0131r ve bebe\u011finizin sa\u011fl\u0131\u011f\u0131n\u0131 korur.<\/p><p>DETAYLAR Yaka arkas\u0131nda bulunan \u00e7\u0131t\u00e7\u0131tl\u0131 d\u00fc\u011fmeler ile kullan\u0131m\u0131 olduk\u00e7a rahat olan bebek bodylerimiz, yakas\u0131ndaki \u00f6zel el i\u015flemeleri ile di\u011fer standart bebek bedenlerinden farkl\u0131l\u0131k g\u00f6stermektedir. LOULOU BABY, benzersiz ve markaya \u00f6zel tasar\u0131m ve renklere sahiptir. \u015e\u0131k ve kullan\u0131\u015fl\u0131 \u00fcr\u00fcnleri ile LouLou Baby markas\u0131n\u0131n d\u00fcnyas\u0131na ho\u015f geldiniz!<\/p><p>BAKIM TAL\u0130MATLARI Zararl\u0131 maddeler kullan\u0131lmamaktad\u0131r. 30 derecede y\u0131kayabilirsiniz. Y\u00fcksek s\u0131cakl\u0131klarda \u00fct\u00fc yapmay\u0131n. Kuru temizleme yapmay\u0131n\u0131z, a\u011fart\u0131c\u0131 kullanmay\u0131n\u0131z.<\/p><p>\u00d6L\u00c7\u00dcLER , Uzun kollu, g\u00fcnl\u00fck kullan\u0131ma uygun.<\/p><p>\u00a0<\/p>\t\t\t\t\t\t\t\t<\/div>\n\t\t\t\t<\/div>\n\t\t\t\t\t<\/div>\n\t\t<\/div>\n\t\t\t\t\t<\/div>\n\t\t<\/section>\n\t\t\t\t<\/div>\n\t\t","protected":false},"excerpt":{"rendered":"<p>&nbsp;<\/p>\n<p>LouLou Baby Gifts, Uzun Kollu Bebek Yaka Body %100 Cotton kuma\u015ftan \u00fcretilmi\u015f olup, yakas\u0131ndaki komple i\u015flemeleri ile hem \u00f6zel g\u00fcnlerin hem de g\u00fcnl\u00fck hayat\u0131n vazge\u00e7ilmezi olacakt\u0131r.<\/p>\n<p>YUMU\u015eAK VE RAHAT DOKULU BEBEK BODY, yumu\u015fak dokulu bir katmana sahiptir. Bebekler i\u00e7in \u00f6zel olarak tasarlanm\u0131\u015f yap\u0131s\u0131 ile bebe\u011finiz hem \u015f\u0131k hem de rahat hissedecektir. Uzun kollu pratik \u00e7\u0131t\u00e7\u0131tlar ve file tente ile giyinmek ve soyunmak \u00e7ocuk oyunca\u011f\u0131!<\/p>\n<p>%100 PAMUK Anne bak\u0131m\u0131 ile \u00fcretilen \u00fcr\u00fcnlerimizin tamam\u0131 zararl\u0131 kimyasallar i\u00e7ermez, pamuklu yap\u0131s\u0131 alerji riskini azalt\u0131r ve bebe\u011finizin sa\u011fl\u0131\u011f\u0131n\u0131 korur.<\/p>\n<p>DETAYLAR Yaka arkas\u0131nda bulunan \u00e7\u0131t\u00e7\u0131tl\u0131 d\u00fc\u011fmeler ile kullan\u0131m\u0131 olduk\u00e7a rahat olan bebek bodylerimiz, yakas\u0131ndaki \u00f6zel el i\u015flemeleri ile di\u011fer standart bebek bedenlerinden farkl\u0131l\u0131k g\u00f6stermektedir. LOULOU BABY, benzersiz ve markaya \u00f6zel tasar\u0131m ve renklere sahiptir. \u015e\u0131k ve kullan\u0131\u015fl\u0131 \u00fcr\u00fcnleri ile LouLou Baby markas\u0131n\u0131n d\u00fcnyas\u0131na ho\u015f geldiniz!<\/p>\n<p>BAKIM TAL\u0130MATLARI Zararl\u0131 maddeler kullan\u0131lmamaktad\u0131r. 30 derecede y\u0131kayabilirsiniz. Y\u00fcksek s\u0131cakl\u0131klarda \u00fct\u00fc yapmay\u0131n. Kuru temizleme yapmay\u0131n\u0131z, a\u011fart\u0131c\u0131 kullanmay\u0131n\u0131z.<\/p>\n<p>\u00d6L\u00c7\u00dcLER , Uzun kollu, g\u00fcnl\u00fck kullan\u0131ma uygun.<\/p>\n","protected":false},"featured_media":988658,"comment_status":"closed","ping_status":"closed","template":"","meta":[],"product_brand":[],"product_cat":[65,138,379,380,52,57],"product_tag":[],"class_list":{"0":"post-988656","1":"product","2":"type-product","3":"status-publish","4":"has-post-thumbnail","6":"product_cat-bebekler","7":"product_cat-body-zibin","8":"product_cat-erkek-body-zibin","9":"product_cat-kiz-body-zibin","10":"product_cat-erkek-cocuk","11":"product_cat-kiz-cocuk","13":"first","14":"instock","15":"taxable","16":"shipping-taxable","17":"purchasable","18":"product-type-variable"},"aioseo_notices":[],"jetpack_sharing_enabled":true,"_links":{"self":[{"href":"https:\/\/louloubabygifts.com\/index.php\/wp-json\/wp\/v2\/product\/988656","targetHints":{"allow":["GET"]}}],"collection":[{"href":"https:\/\/louloubabygifts.com\/index.php\/wp-json\/wp\/v2\/product"}],"about":[{"href":"https:\/\/louloubabygifts.com\/index.php\/wp-json\/wp\/v2\/types\/product"}],"replies":[{"embeddable":true,"href":"https:\/\/louloubabygifts.com\/index.php\/wp-json\/wp\/v2\/comments?post=988656"}],"version-history":[{"count":5,"href":"https:\/\/louloubabygifts.com\/index.php\/wp-json\/wp\/v2\/product\/988656\/revisions"}],"predecessor-version":[{"id":990712,"href":"https:\/\/louloubabygifts.com\/index.php\/wp-json\/wp\/v2\/product\/988656\/revisions\/990712"}],"wp:featuredmedia":[{"embeddable":true,"href":"https:\/\/louloubabygifts.com\/index.php\/wp-json\/wp\/v2\/media\/988658"}],"wp:attachment":[{"href":"https:\/\/louloubabygifts.com\/index.php\/wp-json\/wp\/v2\/media?parent=988656"}],"wp:term":[{"taxonomy":"product_brand","embeddable":true,"href":"https:\/\/louloubabygifts.com\/index.php\/wp-json\/wp\/v2\/product_brand?post=988656"},{"taxonomy":"product_cat","embeddable":true,"href":"https:\/\/louloubabygifts.com\/index.php\/wp-json\/wp\/v2\/product_cat?post=988656"},{"taxonomy":"product_tag","embeddable":true,"href":"https:\/\/louloubabygifts.com\/index.php\/wp-json\/wp\/v2\/product_tag?post=988656"}],"curies":[{"name":"wp","href":"https:\/\/api.w.org\/{rel}","templated":true}]}}