{"id":988611,"date":"2023-09-22T21:38:27","date_gmt":"2023-09-22T21:38:27","guid":{"rendered":"http:\/\/loulou.aaicreative.com\/?post_type=product&#038;p=988611"},"modified":"2025-04-07T09:15:48","modified_gmt":"2025-04-07T09:15:48","slug":"olivia-muslin-elbise","status":"publish","type":"product","link":"https:\/\/louloubabygifts.com\/index.php\/product\/olivia-muslin-elbise\/","title":{"rendered":"Olivia M\u00fcslin Elbise"},"content":{"rendered":"\t\t<div data-elementor-type=\"product-post\" data-elementor-id=\"988611\" class=\"elementor elementor-988611\" data-elementor-post-type=\"product\">\n\t\t\t\t\t\t<section class=\"elementor-section elementor-top-section elementor-element elementor-element-339ddaf elementor-section-boxed elementor-section-height-default elementor-section-height-default\" data-id=\"339ddaf\" data-element_type=\"section\" data-e-type=\"section\">\n\t\t\t\t\t\t<div class=\"elementor-container elementor-column-gap-default\">\n\t\t\t\t\t<div class=\"elementor-column elementor-col-100 elementor-top-column elementor-element elementor-element-a24308b\" data-id=\"a24308b\" data-element_type=\"column\" data-e-type=\"column\">\n\t\t\t<div class=\"elementor-widget-wrap elementor-element-populated\">\n\t\t\t\t\t\t<div class=\"elementor-element elementor-element-e2a2778 elementor-widget elementor-widget-text-editor\" data-id=\"e2a2778\" data-element_type=\"widget\" data-e-type=\"widget\" data-widget_type=\"text-editor.default\">\n\t\t\t\t<div class=\"elementor-widget-container\">\n\t\t\t\t\t\t\t\t\t<p>Pamuk ve M\u00fcslin do\u011fal renklerle birle\u015ferek harika bir uyum yakal\u0131yor. Waffle g\u00f6r\u00fcn\u00fcml\u00fc m\u00fcslin elbiselerimiz yaz aylar\u0131 i\u00e7in hem nefes alabilir hem de rahat hissetmenize yard\u0131mc\u0131 olur. Yaz\u0131n geli\u015fiyle birlikte do\u011fan\u0131n harika yan\u0131n\u0131 hat\u0131rlatan renkler ve k\u00fc\u00e7\u00fck detaylar koleksiyonu ke\u015ffetmeniz i\u00e7in sizleri bekliyor.<\/p>\t\t\t\t\t\t\t\t<\/div>\n\t\t\t\t<\/div>\n\t\t\t\t\t<\/div>\n\t\t<\/div>\n\t\t\t\t\t<\/div>\n\t\t<\/section>\n\t\t\t\t<\/div>\n\t\t","protected":false},"excerpt":{"rendered":"<div class=\"product-blocks blocks-top\">\n<div class=\"product-blocks-top product-blocks-233 grid-rows\">\n<div class=\"grid-row grid-row-233-1\">\n<div class=\"grid-cols\">\n<div class=\"grid-col grid-col-233-1-1\">\n<div class=\"grid-items\">\n<div class=\"grid-item grid-item-233-1-1-1\">\n<div class=\"module module-blocks module-blocks-48 blocks-tabs\">\n<div class=\"module-body\">\n<div class=\"tabs-container\">\n<div class=\"tab-content\">\n<div id=\"blocks-65096f3a3978d-tab-1\" class=\"module-item module-item-1 tab-pane active\">\n<div class=\"block-body expand-block\">\n<div class=\"block-wrapper\">\n<div class=\"block-content expand-content block-description block-expanded\">\n<p>Pamuk ve M\u00fcslin do\u011fal renklerle birle\u015ferek harika bir uyum yakal\u0131yor. Waffle g\u00f6r\u00fcn\u00fcml\u00fc m\u00fcslin elbiselerimiz yaz aylar\u0131 i\u00e7in hem nefes alabilir hem de rahat hissetmenize yard\u0131mc\u0131 olur. Yaz\u0131n geli\u015fiyle birlikte do\u011fan\u0131n harika yan\u0131n\u0131 hat\u0131rlatan renkler ve k\u00fc\u00e7\u00fck detaylar koleksiyonu ke\u015ffetmeniz i\u00e7in sizleri bekliyor.<\/p>\n<\/div>\n<\/div>\n<\/div>\n<\/div>\n<\/div>\n<\/div>\n<\/div>\n<\/div>\n<\/div>\n<\/div>\n<\/div>\n<\/div>\n<\/div>\n<\/div>\n<\/div>\n","protected":false},"featured_media":988617,"comment_status":"closed","ping_status":"closed","template":"","meta":[],"product_brand":[],"product_cat":[84,57],"product_tag":[],"class_list":{"0":"post-988611","1":"product","2":"type-product","3":"status-publish","4":"has-post-thumbnail","6":"product_cat-elbiseler","7":"product_cat-kiz-cocuk","9":"first","10":"instock","11":"taxable","12":"shipping-taxable","13":"purchasable","14":"product-type-variable"},"aioseo_notices":[],"jetpack_sharing_enabled":true,"_links":{"self":[{"href":"https:\/\/louloubabygifts.com\/index.php\/wp-json\/wp\/v2\/product\/988611","targetHints":{"allow":["GET"]}}],"collection":[{"href":"https:\/\/louloubabygifts.com\/index.php\/wp-json\/wp\/v2\/product"}],"about":[{"href":"https:\/\/louloubabygifts.com\/index.php\/wp-json\/wp\/v2\/types\/product"}],"replies":[{"embeddable":true,"href":"https:\/\/louloubabygifts.com\/index.php\/wp-json\/wp\/v2\/comments?post=988611"}],"version-history":[{"count":6,"href":"https:\/\/louloubabygifts.com\/index.php\/wp-json\/wp\/v2\/product\/988611\/revisions"}],"predecessor-version":[{"id":990500,"href":"https:\/\/louloubabygifts.com\/index.php\/wp-json\/wp\/v2\/product\/988611\/revisions\/990500"}],"wp:featuredmedia":[{"embeddable":true,"href":"https:\/\/louloubabygifts.com\/index.php\/wp-json\/wp\/v2\/media\/988617"}],"wp:attachment":[{"href":"https:\/\/louloubabygifts.com\/index.php\/wp-json\/wp\/v2\/media?parent=988611"}],"wp:term":[{"taxonomy":"product_brand","embeddable":true,"href":"https:\/\/louloubabygifts.com\/index.php\/wp-json\/wp\/v2\/product_brand?post=988611"},{"taxonomy":"product_cat","embeddable":true,"href":"https:\/\/louloubabygifts.com\/index.php\/wp-json\/wp\/v2\/product_cat?post=988611"},{"taxonomy":"product_tag","embeddable":true,"href":"https:\/\/louloubabygifts.com\/index.php\/wp-json\/wp\/v2\/product_tag?post=988611"}],"curies":[{"name":"wp","href":"https:\/\/api.w.org\/{rel}","templated":true}]}}