{"id":1684,"date":"2022-04-04T07:36:16","date_gmt":"2022-04-04T07:36:16","guid":{"rendered":"https:\/\/debebe.vamtam.com\/?page_id=1684"},"modified":"2023-10-16T12:47:08","modified_gmt":"2023-10-16T12:47:08","slug":"parca-siparisi","status":"publish","type":"page","link":"https:\/\/louloubabygifts.com\/index.php\/parca-siparisi\/","title":{"rendered":"Par\u00e7a Sipari\u015fi"},"content":{"rendered":"\t\t<div data-elementor-type=\"wp-page\" data-elementor-id=\"1684\" class=\"elementor elementor-1684\" data-elementor-post-type=\"page\">\n\t\t\t\t\t\t<section class=\"elementor-section elementor-top-section elementor-element elementor-element-09f63d1 elementor-section-boxed elementor-section-height-default elementor-section-height-default\" data-id=\"09f63d1\" data-element_type=\"section\" data-e-type=\"section\">\n\t\t\t\t\t\t<div class=\"elementor-container elementor-column-gap-no\">\n\t\t\t\t\t<div class=\"elementor-column elementor-col-100 elementor-top-column elementor-element elementor-element-9d33eb7\" data-id=\"9d33eb7\" data-element_type=\"column\" data-e-type=\"column\">\n\t\t\t<div class=\"elementor-widget-wrap elementor-element-populated\">\n\t\t\t\t\t\t<div class=\"elementor-element elementor-element-7bee25e elementor-widget elementor-widget-text-editor\" data-id=\"7bee25e\" data-element_type=\"widget\" data-e-type=\"widget\" data-widget_type=\"text-editor.default\">\n\t\t\t\t<div class=\"elementor-widget-container\">\n\t\t\t\t\t\t\t\t\t<p>Sipari\u015finizi takip etmek veya iptal etmek mi istiyorsunuz? <br \/>Takip etmek veya iptal etmek istedi\u011finiz sipari\u015f i\u00e7in kullan\u0131lan sipari\u015f numaras\u0131n\u0131 ve e-posta adresini girin. Hala 30 dakikal\u0131k pi\u015fmanl\u0131k s\u00fcresi i\u00e7indeyseniz Takip Sayfas\u0131na y\u00f6nlendirildikten sonra &#8216;Sipari\u015fi \u0130ptal Et&#8217;i se\u00e7in.<\/p>\t\t\t\t\t\t\t\t<\/div>\n\t\t\t\t<\/div>\n\t\t\t\t\t<\/div>\n\t\t<\/div>\n\t\t\t\t\t<\/div>\n\t\t<\/section>\n\t\t\t\t<section class=\"elementor-section elementor-top-section elementor-element elementor-element-d2d4840 elementor-section-boxed elementor-section-height-default elementor-section-height-default\" data-id=\"d2d4840\" data-element_type=\"section\" data-e-type=\"section\">\n\t\t\t\t\t\t<div class=\"elementor-container elementor-column-gap-no\">\n\t\t\t\t\t<div class=\"elementor-column elementor-col-100 elementor-top-column elementor-element elementor-element-3382244\" data-id=\"3382244\" data-element_type=\"column\" data-e-type=\"column\">\n\t\t\t<div class=\"elementor-widget-wrap elementor-element-populated\">\n\t\t\t\t\t\t<div class=\"vamtam-has-theme-widget-styles elementor-element elementor-element-bb59087 elementor-widget elementor-widget-wc-elements\" data-id=\"bb59087\" data-element_type=\"widget\" data-e-type=\"widget\" data-widget_type=\"wc-elements.default\">\n\t\t\t\t<div class=\"elementor-widget-container\">\n\t\t\t\t\t<div class=\"woocommerce\"><\/div>\t\t\t\t<\/div>\n\t\t\t\t<\/div>\n\t\t\t\t\t<\/div>\n\t\t<\/div>\n\t\t\t\t\t<\/div>\n\t\t<\/section>\n\t\t\t\t<\/div>\n\t\t","protected":false},"excerpt":{"rendered":"<p>Sipari\u015finizi takip etmek veya iptal etmek mi istiyorsunuz? Takip etmek veya iptal etmek istedi\u011finiz sipari\u015f i\u00e7in kullan\u0131lan sipari\u015f numaras\u0131n\u0131 ve e-posta adresini girin. Hala 30 dakikal\u0131k pi\u015fmanl\u0131k s\u00fcresi i\u00e7indeyseniz Takip Sayfas\u0131na y\u00f6nlendirildikten sonra &#8216;Sipari\u015fi \u0130ptal Et&#8217;i se\u00e7in.<\/p>\n","protected":false},"author":1,"featured_media":0,"parent":0,"menu_order":0,"comment_status":"closed","ping_status":"closed","template":"","meta":{"footnotes":""},"class_list":["post-1684","page","type-page","status-publish","hentry"],"aioseo_notices":[],"jetpack_sharing_enabled":true,"_links":{"self":[{"href":"https:\/\/louloubabygifts.com\/index.php\/wp-json\/wp\/v2\/pages\/1684","targetHints":{"allow":["GET"]}}],"collection":[{"href":"https:\/\/louloubabygifts.com\/index.php\/wp-json\/wp\/v2\/pages"}],"about":[{"href":"https:\/\/louloubabygifts.com\/index.php\/wp-json\/wp\/v2\/types\/page"}],"author":[{"embeddable":true,"href":"https:\/\/louloubabygifts.com\/index.php\/wp-json\/wp\/v2\/users\/1"}],"replies":[{"embeddable":true,"href":"https:\/\/louloubabygifts.com\/index.php\/wp-json\/wp\/v2\/comments?post=1684"}],"version-history":[{"count":7,"href":"https:\/\/louloubabygifts.com\/index.php\/wp-json\/wp\/v2\/pages\/1684\/revisions"}],"predecessor-version":[{"id":989840,"href":"https:\/\/louloubabygifts.com\/index.php\/wp-json\/wp\/v2\/pages\/1684\/revisions\/989840"}],"wp:attachment":[{"href":"https:\/\/louloubabygifts.com\/index.php\/wp-json\/wp\/v2\/media?parent=1684"}],"curies":[{"name":"wp","href":"https:\/\/api.w.org\/{rel}","templated":true}]}}