{"id":1670,"date":"2022-04-04T07:34:03","date_gmt":"2022-04-04T07:34:03","guid":{"rendered":"https:\/\/debebe.vamtam.com\/?page_id=1670"},"modified":"2023-10-17T10:45:40","modified_gmt":"2023-10-17T10:45:40","slug":"blog","status":"publish","type":"page","link":"https:\/\/louloubabygifts.com\/index.php\/blog\/","title":{"rendered":"Blog"},"content":{"rendered":"\t\t<div data-elementor-type=\"wp-page\" data-elementor-id=\"1670\" class=\"elementor elementor-1670\" data-elementor-post-type=\"page\">\n\t\t\t\t\t\t<section class=\"elementor-section elementor-top-section elementor-element elementor-element-61981671 elementor-section-boxed elementor-section-height-default elementor-section-height-default\" data-id=\"61981671\" data-element_type=\"section\" data-e-type=\"section\">\n\t\t\t\t\t\t<div class=\"elementor-container elementor-column-gap-no\">\n\t\t\t\t\t<div class=\"elementor-column elementor-col-100 elementor-top-column elementor-element elementor-element-6d46763c\" data-id=\"6d46763c\" data-element_type=\"column\" data-e-type=\"column\">\n\t\t\t<div class=\"elementor-widget-wrap elementor-element-populated\">\n\t\t\t\t\t\t\t<\/div>\n\t\t<\/div>\n\t\t\t\t\t<\/div>\n\t\t<\/section>\n\t\t\t\t<section class=\"elementor-section elementor-top-section elementor-element elementor-element-77bb2b61 elementor-section-full_width elementor-section-height-default elementor-section-height-default\" data-id=\"77bb2b61\" data-element_type=\"section\" data-e-type=\"section\">\n\t\t\t\t\t\t<div class=\"elementor-container elementor-column-gap-no\">\n\t\t\t\t\t<div class=\"elementor-column elementor-col-100 elementor-top-column elementor-element elementor-element-45cc9dec\" data-id=\"45cc9dec\" data-element_type=\"column\" data-e-type=\"column\">\n\t\t\t<div class=\"elementor-widget-wrap elementor-element-populated\">\n\t\t\t\t\t\t<div class=\"elementor-element elementor-element-245b5795 elementor-widget elementor-widget-spacer\" data-id=\"245b5795\" data-element_type=\"widget\" data-e-type=\"widget\" data-widget_type=\"spacer.default\">\n\t\t\t\t<div class=\"elementor-widget-container\">\n\t\t\t\t\t\t\t<div class=\"elementor-spacer\">\n\t\t\t<div class=\"elementor-spacer-inner\"><\/div>\n\t\t<\/div>\n\t\t\t\t\t\t<\/div>\n\t\t\t\t<\/div>\n\t\t\t\t\t<\/div>\n\t\t<\/div>\n\t\t\t\t\t<\/div>\n\t\t<\/section>\n\t\t\t\t<section class=\"elementor-section elementor-top-section elementor-element elementor-element-4bb85bb elementor-section-content-middle elementor-section-boxed elementor-section-height-default elementor-section-height-default\" data-id=\"4bb85bb\" data-element_type=\"section\" data-e-type=\"section\" data-settings=\"{&quot;background_background&quot;:&quot;classic&quot;}\">\n\t\t\t\t\t\t<div class=\"elementor-container elementor-column-gap-no\">\n\t\t\t\t\t<div class=\"elementor-column elementor-col-100 elementor-top-column elementor-element elementor-element-26b34de\" data-id=\"26b34de\" data-element_type=\"column\" data-e-type=\"column\">\n\t\t\t<div class=\"elementor-widget-wrap elementor-element-populated\">\n\t\t\t\t\t\t<div class=\"vamtam-has-theme-widget-styles elementor-element elementor-element-876d4dd elementor-widget elementor-widget-image\" data-id=\"876d4dd\" data-element_type=\"widget\" data-e-type=\"widget\" data-widget_type=\"image.default\">\n\t\t\t\t<div class=\"elementor-widget-container\">\n\t\t\t\t\t\t\t\t\t<div class=\"elementor-image\">\n\t\t\t\t\t\t\t\t\t\t\t\t\t\t\t\t\t\t\t\t\t<img decoding=\"async\" width=\"187\" height=\"164\" src=\"https:\/\/louloubabygifts.com\/wp-content\/uploads\/2022\/03\/path.svg\" class=\"attachment-large size-large wp-image-56\" alt=\"\" \/>\t\t\t\t\t\t\t\t\t\t\t\t\t\t\t\t\t\t\t\t\t\t\t\t<\/div>\n\t\t\t\t\t\t\t\t<\/div>\n\t\t\t\t<\/div>\n\t\t\t\t<div class=\"vamtam-has-theme-widget-styles elementor-element elementor-element-9e88f47 elementor-hidden-mobile elementor-grid-1 elementor-posts--thumbnail-left elementor-grid-tablet-1 elementor-grid-mobile-1 elementor-widget elementor-widget-posts\" data-id=\"9e88f47\" data-element_type=\"widget\" data-e-type=\"widget\" data-settings=\"{&quot;vamtam_classic_columns&quot;:&quot;1&quot;,&quot;vamtam_classic_row_gap&quot;:{&quot;unit&quot;:&quot;px&quot;,&quot;size&quot;:30,&quot;sizes&quot;:[]},&quot;vamtam_classic_columns_tablet&quot;:&quot;1&quot;,&quot;vamtam_classic_columns_mobile&quot;:&quot;1&quot;,&quot;vamtam_classic_row_gap_tablet&quot;:{&quot;unit&quot;:&quot;px&quot;,&quot;size&quot;:&quot;&quot;,&quot;sizes&quot;:[]},&quot;vamtam_classic_row_gap_mobile&quot;:{&quot;unit&quot;:&quot;px&quot;,&quot;size&quot;:&quot;&quot;,&quot;sizes&quot;:[]}}\" data-widget_type=\"posts.vamtam_classic\">\n\t\t\t\t<div class=\"elementor-widget-container\">\n\t\t\t\t\t\t\t<div class=\"elementor-posts-container elementor-posts elementor-posts--skin-vamtam_classic elementor-grid\">\n\t\t\t\t<article class=\"elementor-post elementor-grid-item post-9270 post type-post status-publish format-standard has-post-thumbnail hentry category-bizden-haberler tag-uyku-duzeni tag-verimli-uyku\">\n\t\t\t\t<a class=\"elementor-post__thumbnail__link\" href=\"https:\/\/louloubabygifts.com\/index.php\/2023\/10\/03\/saglikli-ve-verimli-bir-uyku-icin-8-oneri\/\" tabindex=\"-1\" >\n\t\t\t<div class=\"elementor-post__thumbnail\"><img fetchpriority=\"high\" decoding=\"async\" width=\"1226\" height=\"1022\" src=\"https:\/\/louloubabygifts.com\/wp-content\/uploads\/2022\/06\/pexels-rodnae-productions-6849471-1-2.jpg\" class=\"attachment-full size-full wp-image-987881\" alt=\"\" srcset=\"https:\/\/louloubabygifts.com\/wp-content\/uploads\/2022\/06\/pexels-rodnae-productions-6849471-1-2.jpg 1226w, https:\/\/louloubabygifts.com\/wp-content\/uploads\/2022\/06\/pexels-rodnae-productions-6849471-1-2-630x525.jpg 630w, https:\/\/louloubabygifts.com\/wp-content\/uploads\/2022\/06\/pexels-rodnae-productions-6849471-1-2-64x53.jpg 64w, https:\/\/louloubabygifts.com\/wp-content\/uploads\/2022\/06\/pexels-rodnae-productions-6849471-1-2-300x250.jpg 300w, https:\/\/louloubabygifts.com\/wp-content\/uploads\/2022\/06\/pexels-rodnae-productions-6849471-1-2-1024x854.jpg 1024w, https:\/\/louloubabygifts.com\/wp-content\/uploads\/2022\/06\/pexels-rodnae-productions-6849471-1-2-768x640.jpg 768w\" sizes=\"(max-width: 1226px) 100vw, 1226px\" \/><\/div>\n\t\t<\/a>\n\t\t\t\t<div class=\"elementor-post__text\">\n\t\t\t\t<h3 class=\"elementor-post__title\">\n\t\t\t<a href=\"https:\/\/louloubabygifts.com\/index.php\/2023\/10\/03\/saglikli-ve-verimli-bir-uyku-icin-8-oneri\/\" >\n\t\t\t\tSag\u0306l\u0131kl\u0131 ve verimli bir uyku ic\u0327in 8 O\u0308neri\t\t\t<\/a>\n\t\t<\/h3>\n\t\t\t\t\t<div class=\"elementor-post__meta-data\">\n\t\t\t\t\t\t<span class=\"elementor-post-date\">\n\t\t\tEkim 3, 2023\t\t<\/span>\n\t\t\t\t\t<\/div>\n\t\t\t\n\t\t<a class=\"elementor-post__read-more\" href=\"https:\/\/louloubabygifts.com\/index.php\/2023\/10\/03\/saglikli-ve-verimli-bir-uyku-icin-8-oneri\/\" aria-label=\"Read more about Sag\u0306l\u0131kl\u0131 ve verimli bir uyku ic\u0327in 8 O\u0308neri\" tabindex=\"-1\" >\n\t\t\tRead More\t\t<\/a>\n\n\t\t\t\t<\/div>\n\t\t\t\t<\/article>\n\t\t\t\t<article class=\"elementor-post elementor-grid-item post-990375 post type-post status-publish format-standard has-post-thumbnail hentry category-bizden-haberler tag-beslenme\">\n\t\t\t\t<a class=\"elementor-post__thumbnail__link\" href=\"https:\/\/louloubabygifts.com\/index.php\/2024\/01\/02\/ek-gidaya-gecis\/\" tabindex=\"-1\" >\n\t\t\t<div class=\"elementor-post__thumbnail\"><img decoding=\"async\" width=\"1254\" height=\"837\" src=\"https:\/\/louloubabygifts.com\/wp-content\/uploads\/2024\/01\/Bebeklerde-Ek-Gidaya-Geciste-Ilk-Adim.webp\" class=\"attachment-full size-full wp-image-990377\" alt=\"\" srcset=\"https:\/\/louloubabygifts.com\/wp-content\/uploads\/2024\/01\/Bebeklerde-Ek-Gidaya-Geciste-Ilk-Adim.webp 1254w, https:\/\/louloubabygifts.com\/wp-content\/uploads\/2024\/01\/Bebeklerde-Ek-Gidaya-Geciste-Ilk-Adim-630x421.webp 630w, https:\/\/louloubabygifts.com\/wp-content\/uploads\/2024\/01\/Bebeklerde-Ek-Gidaya-Geciste-Ilk-Adim-64x43.webp 64w, https:\/\/louloubabygifts.com\/wp-content\/uploads\/2024\/01\/Bebeklerde-Ek-Gidaya-Geciste-Ilk-Adim-300x200.webp 300w, https:\/\/louloubabygifts.com\/wp-content\/uploads\/2024\/01\/Bebeklerde-Ek-Gidaya-Geciste-Ilk-Adim-1024x683.webp 1024w, https:\/\/louloubabygifts.com\/wp-content\/uploads\/2024\/01\/Bebeklerde-Ek-Gidaya-Geciste-Ilk-Adim-768x513.webp 768w\" sizes=\"(max-width: 1254px) 100vw, 1254px\" \/><\/div>\n\t\t<\/a>\n\t\t\t\t<div class=\"elementor-post__text\">\n\t\t\t\t<h3 class=\"elementor-post__title\">\n\t\t\t<a href=\"https:\/\/louloubabygifts.com\/index.php\/2024\/01\/02\/ek-gidaya-gecis\/\" >\n\t\t\t\tEk G\u0131daya Ge\u00e7i\u015f\t\t\t<\/a>\n\t\t<\/h3>\n\t\t\t\t\t<div class=\"elementor-post__meta-data\">\n\t\t\t\t\t\t<span class=\"elementor-post-date\">\n\t\t\tOcak 2, 2024\t\t<\/span>\n\t\t\t\t\t<\/div>\n\t\t\t\n\t\t<a class=\"elementor-post__read-more\" href=\"https:\/\/louloubabygifts.com\/index.php\/2024\/01\/02\/ek-gidaya-gecis\/\" aria-label=\"Read more about Ek G\u0131daya Ge\u00e7i\u015f\" tabindex=\"-1\" >\n\t\t\tRead More\t\t<\/a>\n\n\t\t\t\t<\/div>\n\t\t\t\t<\/article>\n\t\t\t\t<\/div>\n\t\t\n\t\t\t\t\t\t<\/div>\n\t\t\t\t<\/div>\n\t\t\t\t<div class=\"vamtam-has-theme-widget-styles elementor-element elementor-element-e450947 elementor-hidden-desktop elementor-hidden-tablet elementor-grid-3 elementor-grid-tablet-2 elementor-grid-mobile-1 elementor-posts--thumbnail-top elementor-widget elementor-widget-posts\" data-id=\"e450947\" data-element_type=\"widget\" data-e-type=\"widget\" data-settings=\"{&quot;vamtam_classic_columns&quot;:&quot;3&quot;,&quot;vamtam_classic_columns_tablet&quot;:&quot;2&quot;,&quot;vamtam_classic_columns_mobile&quot;:&quot;1&quot;,&quot;vamtam_classic_row_gap&quot;:{&quot;unit&quot;:&quot;px&quot;,&quot;size&quot;:35,&quot;sizes&quot;:[]},&quot;vamtam_classic_row_gap_tablet&quot;:{&quot;unit&quot;:&quot;px&quot;,&quot;size&quot;:&quot;&quot;,&quot;sizes&quot;:[]},&quot;vamtam_classic_row_gap_mobile&quot;:{&quot;unit&quot;:&quot;px&quot;,&quot;size&quot;:&quot;&quot;,&quot;sizes&quot;:[]}}\" data-widget_type=\"posts.vamtam_classic\">\n\t\t\t\t<div class=\"elementor-widget-container\">\n\t\t\t\t\t\t\t<div class=\"elementor-posts-container elementor-posts elementor-posts--skin-vamtam_classic elementor-grid\">\n\t\t\t\t<article class=\"elementor-post elementor-grid-item post-9270 post type-post status-publish format-standard has-post-thumbnail hentry category-bizden-haberler tag-uyku-duzeni tag-verimli-uyku\">\n\t\t\t\t<a class=\"elementor-post__thumbnail__link\" href=\"https:\/\/louloubabygifts.com\/index.php\/2023\/10\/03\/saglikli-ve-verimli-bir-uyku-icin-8-oneri\/\" tabindex=\"-1\" >\n\t\t\t<div class=\"elementor-post__thumbnail\"><img fetchpriority=\"high\" decoding=\"async\" width=\"1226\" height=\"1022\" src=\"https:\/\/louloubabygifts.com\/wp-content\/uploads\/2022\/06\/pexels-rodnae-productions-6849471-1-2.jpg\" class=\"attachment-full size-full wp-image-987881\" alt=\"\" srcset=\"https:\/\/louloubabygifts.com\/wp-content\/uploads\/2022\/06\/pexels-rodnae-productions-6849471-1-2.jpg 1226w, https:\/\/louloubabygifts.com\/wp-content\/uploads\/2022\/06\/pexels-rodnae-productions-6849471-1-2-630x525.jpg 630w, https:\/\/louloubabygifts.com\/wp-content\/uploads\/2022\/06\/pexels-rodnae-productions-6849471-1-2-64x53.jpg 64w, https:\/\/louloubabygifts.com\/wp-content\/uploads\/2022\/06\/pexels-rodnae-productions-6849471-1-2-300x250.jpg 300w, https:\/\/louloubabygifts.com\/wp-content\/uploads\/2022\/06\/pexels-rodnae-productions-6849471-1-2-1024x854.jpg 1024w, https:\/\/louloubabygifts.com\/wp-content\/uploads\/2022\/06\/pexels-rodnae-productions-6849471-1-2-768x640.jpg 768w\" sizes=\"(max-width: 1226px) 100vw, 1226px\" \/><\/div>\n\t\t<\/a>\n\t\t\t\t\t<div class=\"elementor-post__meta-data\">\n\t\t\t\t\t\t<span class=\"elementor-post-date\">\n\t\t\tEkim 3, 2023\t\t<\/span>\n\t\t\t\t\t<\/div>\n\t\t\t\t\t<div class=\"elementor-post__text\">\n\t\t\t\t<h3 class=\"elementor-post__title\">\n\t\t\t<a href=\"https:\/\/louloubabygifts.com\/index.php\/2023\/10\/03\/saglikli-ve-verimli-bir-uyku-icin-8-oneri\/\" >\n\t\t\t\tSag\u0306l\u0131kl\u0131 ve verimli bir uyku ic\u0327in 8 O\u0308neri\t\t\t<\/a>\n\t\t<\/h3>\n\t\t\n\t\t<a class=\"elementor-post__read-more\" href=\"https:\/\/louloubabygifts.com\/index.php\/2023\/10\/03\/saglikli-ve-verimli-bir-uyku-icin-8-oneri\/\" aria-label=\"Read more about Sag\u0306l\u0131kl\u0131 ve verimli bir uyku ic\u0327in 8 O\u0308neri\" tabindex=\"-1\" >\n\t\t\tRead More\t\t<\/a>\n\n\t\t\t\t<\/div>\n\t\t\t\t<\/article>\n\t\t\t\t<article class=\"elementor-post elementor-grid-item post-990375 post type-post status-publish format-standard has-post-thumbnail hentry category-bizden-haberler tag-beslenme\">\n\t\t\t\t<a class=\"elementor-post__thumbnail__link\" href=\"https:\/\/louloubabygifts.com\/index.php\/2024\/01\/02\/ek-gidaya-gecis\/\" tabindex=\"-1\" >\n\t\t\t<div class=\"elementor-post__thumbnail\"><img decoding=\"async\" width=\"1254\" height=\"837\" src=\"https:\/\/louloubabygifts.com\/wp-content\/uploads\/2024\/01\/Bebeklerde-Ek-Gidaya-Geciste-Ilk-Adim.webp\" class=\"attachment-full size-full wp-image-990377\" alt=\"\" srcset=\"https:\/\/louloubabygifts.com\/wp-content\/uploads\/2024\/01\/Bebeklerde-Ek-Gidaya-Geciste-Ilk-Adim.webp 1254w, https:\/\/louloubabygifts.com\/wp-content\/uploads\/2024\/01\/Bebeklerde-Ek-Gidaya-Geciste-Ilk-Adim-630x421.webp 630w, https:\/\/louloubabygifts.com\/wp-content\/uploads\/2024\/01\/Bebeklerde-Ek-Gidaya-Geciste-Ilk-Adim-64x43.webp 64w, https:\/\/louloubabygifts.com\/wp-content\/uploads\/2024\/01\/Bebeklerde-Ek-Gidaya-Geciste-Ilk-Adim-300x200.webp 300w, https:\/\/louloubabygifts.com\/wp-content\/uploads\/2024\/01\/Bebeklerde-Ek-Gidaya-Geciste-Ilk-Adim-1024x683.webp 1024w, https:\/\/louloubabygifts.com\/wp-content\/uploads\/2024\/01\/Bebeklerde-Ek-Gidaya-Geciste-Ilk-Adim-768x513.webp 768w\" sizes=\"(max-width: 1254px) 100vw, 1254px\" \/><\/div>\n\t\t<\/a>\n\t\t\t\t\t<div class=\"elementor-post__meta-data\">\n\t\t\t\t\t\t<span class=\"elementor-post-date\">\n\t\t\tOcak 2, 2024\t\t<\/span>\n\t\t\t\t\t<\/div>\n\t\t\t\t\t<div class=\"elementor-post__text\">\n\t\t\t\t<h3 class=\"elementor-post__title\">\n\t\t\t<a href=\"https:\/\/louloubabygifts.com\/index.php\/2024\/01\/02\/ek-gidaya-gecis\/\" >\n\t\t\t\tEk G\u0131daya Ge\u00e7i\u015f\t\t\t<\/a>\n\t\t<\/h3>\n\t\t\n\t\t<a class=\"elementor-post__read-more\" href=\"https:\/\/louloubabygifts.com\/index.php\/2024\/01\/02\/ek-gidaya-gecis\/\" aria-label=\"Read more about Ek G\u0131daya Ge\u00e7i\u015f\" tabindex=\"-1\" >\n\t\t\tRead More\t\t<\/a>\n\n\t\t\t\t<\/div>\n\t\t\t\t<\/article>\n\t\t\t\t<\/div>\n\t\t\n\t\t\t\t\t\t<\/div>\n\t\t\t\t<\/div>\n\t\t\t\t<div class=\"elementor-element elementor-element-bd12d9c elementor-widget elementor-widget-spacer\" data-id=\"bd12d9c\" data-element_type=\"widget\" data-e-type=\"widget\" data-widget_type=\"spacer.default\">\n\t\t\t\t<div class=\"elementor-widget-container\">\n\t\t\t\t\t\t\t<div class=\"elementor-spacer\">\n\t\t\t<div class=\"elementor-spacer-inner\"><\/div>\n\t\t<\/div>\n\t\t\t\t\t\t<\/div>\n\t\t\t\t<\/div>\n\t\t\t\t\t<\/div>\n\t\t<\/div>\n\t\t\t\t\t<\/div>\n\t\t<\/section>\n\t\t\t\t<section class=\"elementor-section elementor-top-section elementor-element elementor-element-3d4740d elementor-section-boxed elementor-section-height-default elementor-section-height-default\" data-id=\"3d4740d\" data-element_type=\"section\" data-e-type=\"section\">\n\t\t\t\t\t\t<div class=\"elementor-container elementor-column-gap-no\">\n\t\t\t\t\t<div class=\"elementor-column elementor-col-100 elementor-top-column elementor-element elementor-element-56d0e06\" data-id=\"56d0e06\" data-element_type=\"column\" data-e-type=\"column\">\n\t\t\t<div class=\"elementor-widget-wrap elementor-element-populated\">\n\t\t\t\t\t\t<div class=\"vamtam-has-theme-widget-styles elementor-element elementor-element-d87a4b5 elementor-widget elementor-widget-image\" data-id=\"d87a4b5\" data-element_type=\"widget\" data-e-type=\"widget\" data-widget_type=\"image.default\">\n\t\t\t\t<div class=\"elementor-widget-container\">\n\t\t\t\t\t\t\t\t\t<div class=\"elementor-image\">\n\t\t\t\t\t\t\t\t\t\t\t\t\t\t\t\t\t\t\t\t\t<img loading=\"lazy\" decoding=\"async\" width=\"1\" height=\"1\" src=\"https:\/\/louloubabygifts.com\/wp-content\/uploads\/2023\/09\/Tavsan.svg\" class=\"attachment-large size-large wp-image-988989\" alt=\"\" \/>\t\t\t\t\t\t\t\t\t\t\t\t\t\t\t\t\t\t\t\t\t\t\t\t<\/div>\n\t\t\t\t\t\t\t\t<\/div>\n\t\t\t\t<\/div>\n\t\t\t\t\t<\/div>\n\t\t<\/div>\n\t\t\t\t\t<\/div>\n\t\t<\/section>\n\t\t\t\t<section class=\"elementor-section elementor-top-section elementor-element elementor-element-0551de8 elementor-section-boxed elementor-section-height-default elementor-section-height-default\" data-id=\"0551de8\" data-element_type=\"section\" data-e-type=\"section\">\n\t\t\t\t\t\t<div class=\"elementor-container elementor-column-gap-no\">\n\t\t\t\t\t<div class=\"elementor-column elementor-col-100 elementor-top-column elementor-element elementor-element-875e85d\" data-id=\"875e85d\" data-element_type=\"column\" data-e-type=\"column\">\n\t\t\t<div class=\"elementor-widget-wrap elementor-element-populated\">\n\t\t\t\t\t\t<div class=\"vamtam-has-theme-widget-styles elementor-element elementor-element-d18ff66 elementor-grid-tablet-3 elementor-grid-mobile-2 elementor-grid-3 elementor-posts--thumbnail-top load-more-align-center elementor-widget elementor-widget-posts\" data-id=\"d18ff66\" data-element_type=\"widget\" data-e-type=\"widget\" data-settings=\"{&quot;pagination_type&quot;:&quot;load_more_on_click&quot;,&quot;vamtam_classic_columns_tablet&quot;:&quot;3&quot;,&quot;vamtam_classic_row_gap&quot;:{&quot;unit&quot;:&quot;px&quot;,&quot;size&quot;:60,&quot;sizes&quot;:[]},&quot;vamtam_classic_row_gap_tablet&quot;:{&quot;unit&quot;:&quot;px&quot;,&quot;size&quot;:50,&quot;sizes&quot;:[]},&quot;vamtam_classic_row_gap_mobile&quot;:{&quot;unit&quot;:&quot;px&quot;,&quot;size&quot;:20,&quot;sizes&quot;:[]},&quot;vamtam_classic_columns_mobile&quot;:&quot;2&quot;,&quot;vamtam_classic_columns&quot;:&quot;3&quot;,&quot;load_more_spinner&quot;:{&quot;value&quot;:&quot;fas fa-spinner&quot;,&quot;library&quot;:&quot;fa-solid&quot;}}\" data-widget_type=\"posts.vamtam_classic\">\n\t\t\t\t<div class=\"elementor-widget-container\">\n\t\t\t\t\t\t\t<div class=\"elementor-posts-container elementor-posts elementor-posts--skin-vamtam_classic elementor-grid\">\n\t\t\t\t<article class=\"elementor-post elementor-grid-item post-9270 post type-post status-publish format-standard has-post-thumbnail hentry category-bizden-haberler tag-uyku-duzeni tag-verimli-uyku\">\n\t\t\t\t<a class=\"elementor-post__thumbnail__link\" href=\"https:\/\/louloubabygifts.com\/index.php\/2023\/10\/03\/saglikli-ve-verimli-bir-uyku-icin-8-oneri\/\" tabindex=\"-1\" >\n\t\t\t<div class=\"elementor-post__thumbnail\"><img fetchpriority=\"high\" decoding=\"async\" width=\"1226\" height=\"1022\" src=\"https:\/\/louloubabygifts.com\/wp-content\/uploads\/2022\/06\/pexels-rodnae-productions-6849471-1-2.jpg\" class=\"attachment-full size-full wp-image-987881\" alt=\"\" srcset=\"https:\/\/louloubabygifts.com\/wp-content\/uploads\/2022\/06\/pexels-rodnae-productions-6849471-1-2.jpg 1226w, https:\/\/louloubabygifts.com\/wp-content\/uploads\/2022\/06\/pexels-rodnae-productions-6849471-1-2-630x525.jpg 630w, https:\/\/louloubabygifts.com\/wp-content\/uploads\/2022\/06\/pexels-rodnae-productions-6849471-1-2-64x53.jpg 64w, https:\/\/louloubabygifts.com\/wp-content\/uploads\/2022\/06\/pexels-rodnae-productions-6849471-1-2-300x250.jpg 300w, https:\/\/louloubabygifts.com\/wp-content\/uploads\/2022\/06\/pexels-rodnae-productions-6849471-1-2-1024x854.jpg 1024w, https:\/\/louloubabygifts.com\/wp-content\/uploads\/2022\/06\/pexels-rodnae-productions-6849471-1-2-768x640.jpg 768w\" sizes=\"(max-width: 1226px) 100vw, 1226px\" \/><\/div>\n\t\t<\/a>\n\t\t\t\t<div class=\"elementor-post__text\">\n\t\t\t\t<h3 class=\"elementor-post__title\">\n\t\t\t<a href=\"https:\/\/louloubabygifts.com\/index.php\/2023\/10\/03\/saglikli-ve-verimli-bir-uyku-icin-8-oneri\/\" >\n\t\t\t\tSag\u0306l\u0131kl\u0131 ve verimli bir uyku ic\u0327in 8 O\u0308neri\t\t\t<\/a>\n\t\t<\/h3>\n\t\t\n\t\t<a class=\"elementor-post__read-more\" href=\"https:\/\/louloubabygifts.com\/index.php\/2023\/10\/03\/saglikli-ve-verimli-bir-uyku-icin-8-oneri\/\" aria-label=\"Read more about Sag\u0306l\u0131kl\u0131 ve verimli bir uyku ic\u0327in 8 O\u0308neri\" tabindex=\"-1\" >\n\t\t\tRead More\t\t<\/a>\n\n\t\t\t\t<\/div>\n\t\t\t\t<\/article>\n\t\t\t\t<article class=\"elementor-post elementor-grid-item post-9289 post type-post status-publish format-standard has-post-thumbnail hentry category-bizden-haberler tag-beslenme\">\n\t\t\t\t<a class=\"elementor-post__thumbnail__link\" href=\"https:\/\/louloubabygifts.com\/index.php\/2023\/10\/03\/emzirme-doneminde-beslenme\/\" tabindex=\"-1\" >\n\t\t\t<div class=\"elementor-post__thumbnail\"><img loading=\"lazy\" decoding=\"async\" width=\"582\" height=\"552\" src=\"https:\/\/louloubabygifts.com\/wp-content\/uploads\/2022\/05\/pexels-keira-burton-6624450.jpg\" class=\"attachment-full size-full wp-image-3123\" alt=\"\" srcset=\"https:\/\/louloubabygifts.com\/wp-content\/uploads\/2022\/05\/pexels-keira-burton-6624450.jpg 582w, https:\/\/louloubabygifts.com\/wp-content\/uploads\/2022\/05\/pexels-keira-burton-6624450-64x61.jpg 64w, https:\/\/louloubabygifts.com\/wp-content\/uploads\/2022\/05\/pexels-keira-burton-6624450-300x285.jpg 300w\" sizes=\"(max-width: 582px) 100vw, 582px\" \/><\/div>\n\t\t<\/a>\n\t\t\t\t<div class=\"elementor-post__text\">\n\t\t\t\t<h3 class=\"elementor-post__title\">\n\t\t\t<a href=\"https:\/\/louloubabygifts.com\/index.php\/2023\/10\/03\/emzirme-doneminde-beslenme\/\" >\n\t\t\t\tEmzirme D\u00f6neminde Beslenme\t\t\t<\/a>\n\t\t<\/h3>\n\t\t\n\t\t<a class=\"elementor-post__read-more\" href=\"https:\/\/louloubabygifts.com\/index.php\/2023\/10\/03\/emzirme-doneminde-beslenme\/\" aria-label=\"Read more about Emzirme D\u00f6neminde Beslenme\" tabindex=\"-1\" >\n\t\t\tRead More\t\t<\/a>\n\n\t\t\t\t<\/div>\n\t\t\t\t<\/article>\n\t\t\t\t<article class=\"elementor-post elementor-grid-item post-9286 post type-post status-publish format-standard has-post-thumbnail hentry category-bizden-haberler tag-beslenme\">\n\t\t\t\t<a class=\"elementor-post__thumbnail__link\" href=\"https:\/\/louloubabygifts.com\/index.php\/2023\/10\/03\/gebelikte-caylar\/\" tabindex=\"-1\" >\n\t\t\t<div class=\"elementor-post__thumbnail\"><img loading=\"lazy\" decoding=\"async\" width=\"640\" height=\"359\" src=\"https:\/\/louloubabygifts.com\/wp-content\/uploads\/2022\/06\/bitkisel-ilac.jpeg\" class=\"attachment-full size-full wp-image-989055\" alt=\"\" srcset=\"https:\/\/louloubabygifts.com\/wp-content\/uploads\/2022\/06\/bitkisel-ilac.jpeg 640w, https:\/\/louloubabygifts.com\/wp-content\/uploads\/2022\/06\/bitkisel-ilac-630x353.jpeg 630w, https:\/\/louloubabygifts.com\/wp-content\/uploads\/2022\/06\/bitkisel-ilac-64x36.jpeg 64w, https:\/\/louloubabygifts.com\/wp-content\/uploads\/2022\/06\/bitkisel-ilac-300x168.jpeg 300w\" sizes=\"(max-width: 640px) 100vw, 640px\" \/><\/div>\n\t\t<\/a>\n\t\t\t\t<div class=\"elementor-post__text\">\n\t\t\t\t<h3 class=\"elementor-post__title\">\n\t\t\t<a href=\"https:\/\/louloubabygifts.com\/index.php\/2023\/10\/03\/gebelikte-caylar\/\" >\n\t\t\t\tGebelikte \u00c7aylar\t\t\t<\/a>\n\t\t<\/h3>\n\t\t\n\t\t<a class=\"elementor-post__read-more\" href=\"https:\/\/louloubabygifts.com\/index.php\/2023\/10\/03\/gebelikte-caylar\/\" aria-label=\"Read more about Gebelikte \u00c7aylar\" tabindex=\"-1\" >\n\t\t\tRead More\t\t<\/a>\n\n\t\t\t\t<\/div>\n\t\t\t\t<\/article>\n\t\t\t\t<article class=\"elementor-post elementor-grid-item post-9283 post type-post status-publish format-standard has-post-thumbnail hentry category-bizden-haberler tag-beslenme\">\n\t\t\t\t<a class=\"elementor-post__thumbnail__link\" href=\"https:\/\/louloubabygifts.com\/index.php\/2023\/10\/03\/hamilelikte-beslenme\/\" tabindex=\"-1\" >\n\t\t\t<div class=\"elementor-post__thumbnail\"><img loading=\"lazy\" decoding=\"async\" width=\"1000\" height=\"667\" src=\"https:\/\/louloubabygifts.com\/wp-content\/uploads\/2022\/06\/pregnancy-food.jpeg\" class=\"attachment-full size-full wp-image-989062\" alt=\"\" srcset=\"https:\/\/louloubabygifts.com\/wp-content\/uploads\/2022\/06\/pregnancy-food.jpeg 1000w, https:\/\/louloubabygifts.com\/wp-content\/uploads\/2022\/06\/pregnancy-food-630x420.jpeg 630w, https:\/\/louloubabygifts.com\/wp-content\/uploads\/2022\/06\/pregnancy-food-64x43.jpeg 64w, https:\/\/louloubabygifts.com\/wp-content\/uploads\/2022\/06\/pregnancy-food-300x200.jpeg 300w, https:\/\/louloubabygifts.com\/wp-content\/uploads\/2022\/06\/pregnancy-food-768x512.jpeg 768w\" sizes=\"(max-width: 1000px) 100vw, 1000px\" \/><\/div>\n\t\t<\/a>\n\t\t\t\t<div class=\"elementor-post__text\">\n\t\t\t\t<h3 class=\"elementor-post__title\">\n\t\t\t<a href=\"https:\/\/louloubabygifts.com\/index.php\/2023\/10\/03\/hamilelikte-beslenme\/\" >\n\t\t\t\tHamilelikte Beslenme\t\t\t<\/a>\n\t\t<\/h3>\n\t\t\n\t\t<a class=\"elementor-post__read-more\" href=\"https:\/\/louloubabygifts.com\/index.php\/2023\/10\/03\/hamilelikte-beslenme\/\" aria-label=\"Read more about Hamilelikte Beslenme\" tabindex=\"-1\" >\n\t\t\tRead More\t\t<\/a>\n\n\t\t\t\t<\/div>\n\t\t\t\t<\/article>\n\t\t\t\t<\/div>\n\t\t\t\t\t<span class=\"e-load-more-spinner\">\n\t\t\t\t<i aria-hidden=\"true\" class=\"fas fa-spinner\"><\/i>\t\t\t<\/span>\n\t\t\n\t\t\t\t\t\t<\/div>\n\t\t\t\t<\/div>\n\t\t\t\t\t<\/div>\n\t\t<\/div>\n\t\t\t\t\t<\/div>\n\t\t<\/section>\n\t\t\t\t<\/div>\n\t\t","protected":false},"excerpt":{"rendered":"","protected":false},"author":1,"featured_media":0,"parent":0,"menu_order":0,"comment_status":"closed","ping_status":"closed","template":"","meta":{"footnotes":""},"class_list":["post-1670","page","type-page","status-publish","hentry"],"aioseo_notices":[],"jetpack_sharing_enabled":true,"_links":{"self":[{"href":"https:\/\/louloubabygifts.com\/index.php\/wp-json\/wp\/v2\/pages\/1670","targetHints":{"allow":["GET"]}}],"collection":[{"href":"https:\/\/louloubabygifts.com\/index.php\/wp-json\/wp\/v2\/pages"}],"about":[{"href":"https:\/\/louloubabygifts.com\/index.php\/wp-json\/wp\/v2\/types\/page"}],"author":[{"embeddable":true,"href":"https:\/\/louloubabygifts.com\/index.php\/wp-json\/wp\/v2\/users\/1"}],"replies":[{"embeddable":true,"href":"https:\/\/louloubabygifts.com\/index.php\/wp-json\/wp\/v2\/comments?post=1670"}],"version-history":[{"count":22,"href":"https:\/\/louloubabygifts.com\/index.php\/wp-json\/wp\/v2\/pages\/1670\/revisions"}],"predecessor-version":[{"id":989871,"href":"https:\/\/louloubabygifts.com\/index.php\/wp-json\/wp\/v2\/pages\/1670\/revisions\/989871"}],"wp:attachment":[{"href":"https:\/\/louloubabygifts.com\/index.php\/wp-json\/wp\/v2\/media?parent=1670"}],"curies":[{"name":"wp","href":"https:\/\/api.w.org\/{rel}","templated":true}]}}